{"id":864,"date":"2024-02-10T14:57:20","date_gmt":"2024-02-10T13:57:20","guid":{"rendered":"https:\/\/mmhunters.pl\/?page_id=864"},"modified":"2024-02-10T15:42:21","modified_gmt":"2024-02-10T14:42:21","slug":"polityka-prywatnosci","status":"publish","type":"page","link":"https:\/\/mmhunters.pl\/fr\/polityka-prywatnosci\/","title":{"rendered":"Polityka prywatno\u015bci"},"content":{"rendered":"\n<ol class=\"wp-block-list\">\n<li><strong>Definicje<\/strong>\n<ol class=\"wp-block-list\" style=\"list-style-type:lower-alpha\">\n<li><strong><\/strong><strong>Administrator <\/strong>\u2013 &nbsp;Maciej To\u0142\u0142oczko prowadz\u0105cy dzia\u0142alno\u015b\u0107 gospodarcz\u0105 pod nazw\u0105 \u201e<strong>MM HUNTERS Maciej To\u0142\u0142oczko, NIP:<\/strong> 6692228431, ul. Szmaragdowa, nr 12, 76-015 Manowo.<\/li>\n\n\n\n<li><strong><\/strong><strong>Dane osobowe <\/strong>\u2013 informacje o osobie fizycznej zidentyfikowanej lub mo\u017cliwej do zidentyfikowania poprzez jeden b\u0105d\u017a kilka szczeg\u00f3lnych czynnik\u00f3w okre\u015blaj\u0105cych fizyczn\u0105, fizjologiczn\u0105, genetyczn\u0105, psychiczn\u0105, ekonomiczn\u0105, kulturow\u0105 lub spo\u0142eczn\u0105 to\u017csamo\u015b\u0107, w tym IP urz\u0105dzenia, identyfikator internetowy oraz informacje gromadzone za po\u015brednictwem plik\u00f3w cookie oraz innej podobnej technologii.<\/li>\n\n\n\n<li><strong><\/strong><strong>Polityka <\/strong>\u2013 niniejsza Polityka prywatno\u015bci.<\/li>\n\n\n\n<li><strong><\/strong><strong>RODO <\/strong>\u2013 rozporz\u0105dzenie Parlamentu Europejskiego i Rady (UE) 2016\/679 z 27.04.2016 r. w sprawie ochrony os\u00f3b fizycznych w zwi\u0105zku z przetwarzaniem danych osobowych i w sprawie swobodnego przep\u0142ywu takich danych oraz uchylenia dyrektywy 95\/46\/WE.<\/li>\n\n\n\n<li><strong><\/strong><strong>Serwis <\/strong>\u2013 serwis internetowy prowadzony przez Administratora pod adresem https:\/\/www.mmhunters.pl<\/li>\n\n\n\n<li><strong>U\u017cytkownik <\/strong>\u2013 ka\u017cda osoba fizyczna odwiedzaj\u0105ca Serwis lub korzystaj\u0105ca z jednej albo kilku us\u0142ug czy funkcjonalno\u015bci opisanych w Polityce.<\/li>\n<\/ol>\n<\/li>\n\n\n\n<li><strong>Przetwarzanie Danych osobowych w zwi\u0105zku z korzystaniem z Serwisu<\/strong><\/li>\n<\/ol>\n\n\n\n<p>W zwi\u0105zku z korzystaniem przez U\u017cytkownika z Serwisu Administrator zbiera dane w zakresie niezb\u0119dnym do \u015bwiadczenia oferowanych us\u0142ug. Poni\u017cej zosta\u0142y opisane szczeg\u00f3\u0142owe zasady oraz cele przetwarzania Danych osobowych gromadzonych podczas korzystania z Serwisu przez U\u017cytkownika.<\/p>\n\n\n\n<ol class=\"wp-block-list\" start=\"3\">\n<li><strong>Cele i podstawy prawne przetwarzania Danych osobowych w Serwisie<\/strong>\n<ol class=\"wp-block-list\" style=\"list-style-type:lower-alpha\">\n<li><strong>Korzystanie z Serwisu<\/strong><\/li>\n<\/ol>\n<\/li>\n<\/ol>\n\n\n\n<p>Dane osobowe os\u00f3b korzystaj\u0105cych z Serwisu przetwarzane s\u0105 przez Administratora:<\/p>\n\n\n\n<ol class=\"wp-block-list\" style=\"list-style-type:upper-roman\">\n<li>w celu \u015bwiadczenia us\u0142ug drog\u0105 elektroniczn\u0105 w zakresie udost\u0119pniania U\u017cytkownikom tre\u015bci gromadzonych w Serwisie \u2013 w\u00f3wczas podstaw\u0105 prawn\u0105 przetwarzania jest niezb\u0119dno\u015b\u0107 przetwarzania do wykonania umowy (art. 6 ust. 1 lit. b RODO);<\/li>\n\n\n\n<li>w celu ustalenia i dochodzenia roszcze\u0144 lub obrony przed roszczeniami \u2013 podstaw\u0105 prawn\u0105 przetwarzania jest prawnie uzasadniony interes Administratora (art. 6 ust. 1 lit. f RODO), polegaj\u0105cy na ochronie jego praw.<\/li>\n<\/ol>\n\n\n\n<ol class=\"wp-block-list\" start=\"2\" style=\"list-style-type:lower-alpha\">\n<li><strong>Formularz kontaktowy<\/strong><\/li>\n<\/ol>\n\n\n\n<ol class=\"wp-block-list\" style=\"list-style-type:upper-roman\">\n<li>Administrator zapewnia mo\u017cliwo\u015b\u0107 skontaktowania si\u0119 z nim przy wykorzystaniu elektronicznego formularza kontaktowego. Skorzystanie z formularza wymaga podania Danych osobowych: <em>imienia, adres email<\/em> \u2013 niezb\u0119dnych do nawi\u0105zania kontaktu z U\u017cytkownikiem i udzielenia odpowiedzi na zapytanie. U\u017cytkownik mo\u017ce poda\u0107 tak\u017ce inne dane w celu u\u0142atwienia kontaktu lub obs\u0142ugi zapytania. Podanie danych oznaczonych jako obowi\u0105zkowe jest wymagane w celu przyj\u0119cia i obs\u0142ugi zapytania, a ich niepodanie skutkuje brakiem mo\u017cliwo\u015bci obs\u0142ugi. Podanie pozosta\u0142ych danych jest dobrowolne.<\/li>\n\n\n\n<li>Dane osobowe s\u0105 przetwarzane w celu identyfikacji nadawcy oraz obs\u0142ugi jego zapytania przes\u0142anego przez udost\u0119pniony formularz \u2013 podstaw\u0105 prawn\u0105 przetwarzania jest niezb\u0119dno\u015b\u0107 przetwarzania do wykonania umowy o \u015bwiadczenie us\u0142ugi (art. 6 ust. 1 lit. b RODO); w zakresie danych podanych fakultatywnie podstaw\u0105 prawn\u0105 przetwarzania jest zgoda (art. 6 ust. 1 lit. a RODO).<\/li>\n<\/ol>\n\n\n\n<ol class=\"wp-block-list\" start=\"3\" style=\"list-style-type:lower-alpha\">\n<li><strong>Marketing<\/strong><\/li>\n<\/ol>\n\n\n\n<ol class=\"wp-block-list\" style=\"list-style-type:upper-roman\">\n<li>Dane osobowe U\u017cytkownika mog\u0105 by\u0107 r\u00f3wnie\u017c wykorzystywane przez Administratora, aby kierowa\u0107 do niego tre\u015bci marketingowe r\u00f3\u017cnymi kana\u0142ami, <em>tj. za po\u015brednictwem poczty e-mail, drog\u0105 MMS\/SMS.<\/em> Takie dzia\u0142ania s\u0105 podejmowane przez Administratora wy\u0142\u0105cznie w przypadku, gdy U\u017cytkownik wyrazi\u0142 na nie zgod\u0119, kt\u00f3r\u0105 mo\u017ce wycofa\u0107 w dowolnym momencie.<\/li>\n\n\n\n<li>Dane osobowe s\u0105 przetwarzane:\n<ul class=\"wp-block-list\">\n<li>w celu przes\u0142ania zam\u00f3wionej informacji handlowej \u2013 podstaw\u0105 prawn\u0105 przetwarzania, <em>w tym z wykorzystaniem profilowania<\/em>, jest prawnie uzasadniony interes Administratora (art. 6 ust. 1 lit. f RODO) w zwi\u0105zku z wyra\u017con\u0105 zgod\u0105;<\/li>\n\n\n\n<li><em>w celach analitycznych i statystycznych \u2013 podstaw\u0105 prawn\u0105 przetwarzania jest prawnie uzasadniony interes Administratora (art. 6 ust. 1 lit. f RODO), polegaj\u0105cy na prowadzeniu analiz aktywno\u015bci U\u017cytkownik\u00f3w w Serwisie w celu doskonalenia stosowanych funkcjonalno\u015bci.<\/em><\/li>\n<\/ul>\n<\/li>\n<\/ol>\n\n\n\n<ol class=\"wp-block-list\" start=\"4\">\n<li><strong>Pliki cookies<\/strong><\/li>\n<\/ol>\n\n\n\n<ol class=\"wp-block-list\" style=\"list-style-type:lower-alpha\">\n<li><strong>Administrator w ramach Serwisu korzysta z plik\u00f3w cookie, zgodnie z poni\u017cszym.<\/strong>\n<ol class=\"wp-block-list\" style=\"list-style-type:upper-roman\">\n<li>Administrator informuje U\u017cytkownika, \u017ce korzysta na stronie z plik\u00f3w cookie i innych technologii (w tym \u015bledz\u0105cych lub profiluj\u0105cych), aby strona ta poprawnie dzia\u0142a\u0142a, \u017ceby personalizowa\u0107 tre\u015bci i reklamy, kt\u00f3re wy\u015bwietla oraz aby analizowa\u0107 statystyki odwiedzin.<\/li>\n\n\n\n<li><strong><\/strong>U\u017cytkownik mo\u017ce wyrazi\u0107 zgod\u0119 na korzystanie przez Administratora ze wszystkich powy\u017cszych plik\u00f3w cookie albo dostosowa\u0107 ustawienia plik\u00f3w cookie do w\u0142asnych preferencji, klikaj\u0105c na banerze, kt\u00f3ry wy\u015bwietli Ci si\u0119 przy pierwszej wizycie na naszej stronie internetowej, przycisk &#8220;Ustaw indywidualne ustawienia prywatno\u015bci\u201d.<\/li>\n\n\n\n<li><strong><\/strong>Udzielone zgody mo\u017cesz w ka\u017cdym momencie cofn\u0105\u0107, wywo\u0142uj\u0105c ponownie baner do zarz\u0105dzania plik\u00f3w cookie poprzez klikni\u0119cie przycisku &#8220;Ustaw indywidualne ustawienia prywatno\u015bci&#8221;.<\/li>\n\n\n\n<li>Informujemy Ci\u0119, \u017ce Plik &#8220;cookie&#8221; to niewielki plik tekstowy, kt\u00f3ry witryna internetowa wysy\u0142a do komputera odwiedzaj\u0105cego lub innego urz\u0105dzenia po\u0142\u0105czonego z Internetem (np. smartfona), kt\u00f3ry jest nast\u0119pnie otwierany przy nast\u0119pnych wej\u015bciach na stron\u0119, aby zidentyfikowa\u0107 przegl\u0105dark\u0119 u\u017cytkownika, b\u0105d\u017a aby zapisa\u0107 informacje lub ustawienia w przegl\u0105darce internetowej. Plik cookie zwykle zawiera nazw\u0119 domeny, z kt\u00f3rej zosta\u0142 wys\u0142any, &#8220;\u017cywotno\u015b\u0107&#8221; pliku cookie oraz losowo wygenerowany unikatowy identyfikator. Pliki cookie mog\u0105 mie\u0107 r\u00f3\u017cne funkcje.<\/li>\n<\/ol>\n<\/li>\n\n\n\n<li><strong>Cele wykorzystywania plik\u00f3w cookie:<\/strong><br>Administrator w niniejszym serwisie wykorzystuje pliki cookie do nast\u0119puj\u0105cych cel\u00f3w:\n<ol class=\"wp-block-list\" style=\"list-style-type:upper-roman\">\n<li>dostosowania zawarto\u015bci serwisu do preferencji U\u017cytkownika oraz optymalizacji korzystania ze stron internetowych, w szczeg\u00f3lno\u015bci rozpoznania urz\u0105dzenia u\u017cytkownika i odpowiedniego wy\u015bwietlenia strony internetowej, dostosowanej do jego indywidualnych potrzeb. Powy\u017csze oznacza, \u017ce Administrator mo\u017ce zapami\u0119ta\u0107 U\u017cytkownika w przypadku powt\u00f3rnej wizyty na stronie internetowej oraz dokona\u0107 personalizacji witryny zgodnie z preferencjami U\u017cytkownika. W takiej sytuacji z plikiem cookie mog\u0105 zosta\u0107 powi\u0105zane informacje o U\u017cytkowniku, kt\u00f3re mog\u0105 stanowi\u0107 dane osobowe<\/li>\n\n\n\n<li>tworzenia statystyk, kt\u00f3re stanowi\u0105 podstaw\u0119 do analizy, w jaki spos\u00f3b U\u017cytkownicy korzystaj\u0105 ze stron internetowych,<\/li>\n\n\n\n<li>analizowania statusu anonimowego u\u017cytkownika poprzez por\u00f3wnywanie jego adresu email\/IP\/innych danych podanego przy np. wype\u0142nianiu formularza z wcze\u015bniej wykorzystywanym adresem e-mail os\u00f3b, kt\u00f3re dokonywa\u0142y wype\u0142nienia formularza w celu mierzenia efektywno\u015bci reklamy (poprzez sprawdzenie czy jest to klient nowy czy powracaj\u0105cy).<\/li>\n<\/ol>\n<\/li>\n<\/ol>\n\n\n\n<ol class=\"wp-block-list\" start=\"3\" style=\"list-style-type:lower-alpha\">\n<li><strong>Rodzaje plik\u00f3w cookies wykorzystywane w Serwisie:<\/strong>\n<ol class=\"wp-block-list\" style=\"list-style-type:upper-roman\">\n<li>Niezb\u0119dne do \u015bwiadczenia us\u0142ug (np. utrzymywania sesji).<\/li>\n\n\n\n<li>Funkcjonalne tj. pomagaj\u0105ce Administratorowi dostosowa\u0107 wygl\u0105d strony i wy\u015bwietlane reklamy do preferencji U\u017cytkownika, analizuj\u0105ce ruch na stronie i zainteresowanie publikowanymi materia\u0142ami.<\/li>\n\n\n\n<li>Marketingowe tj. pozwalaj\u0105ce na dopasowanie wy\u015bwietlanych tre\u015bci reklamowych do zainteresowa\u0144 U\u017cytkownika, nie tylko na stronie internetowej Administratora, ale te\u017c poza ni\u0105. Pliki te mog\u0105 by\u0107 instalowane przez partner\u00f3w reklamowych za po\u015brednictwem strony internetowej Administratora. Na podstawie informacji z tych plik\u00f3w cookie i aktywno\u015bci w innych serwisach jest budowany profil zainteresowa\u0144 U\u017cytkownika.<\/li>\n\n\n\n<li>Analityczne tj. umo\u017cliwiaj\u0105ce sprawdzenie liczby wizyt i \u017ar\u00f3de\u0142 ruchu w Serwisie. Na ich podstawie Administrator ustala, popularno\u015b\u0107 stron i spos\u00f3b poruszania si\u0119 U\u017cytkownika po stronie.<\/li>\n<\/ol>\n<\/li>\n<\/ol>\n\n\n\n<ol class=\"wp-block-list\" start=\"5\">\n<li><strong>Okres przetwarzania Danych osobowych<\/strong>\n<ol class=\"wp-block-list\" style=\"list-style-type:lower-alpha\">\n<li>Okres przetwarzania danych przez Administratora zale\u017cy od czasu \u015bwiadczonej us\u0142ugi w szczeg\u00f3lno\u015bci czasu udzielenia odpowiedzi na zapytanie U\u017cytkownika i celu przetwarzania. Co do zasady dane przetwarzane s\u0105 przez czas \u015bwiadczenia us\u0142ugi, do czasu wycofania wyra\u017conej zgody lub zg\u0142oszenia skutecznego sprzeciwu wzgl\u0119dem przetwarzania danych w przypadkach, gdy podstaw\u0105 prawn\u0105 przetwarzania danych jest prawnie uzasadniony interes Administratora.<\/li>\n\n\n\n<li>Okres przetwarzania danych mo\u017ce by\u0107 przed\u0142u\u017cony w przypadku, gdy przetwarzanie jest niezb\u0119dne do ustalenia i dochodzenia ewentualnych roszcze\u0144 lub obrony przed roszczeniami, a po tym czasie jedynie w przypadku i w zakresie, w jakim b\u0119d\u0105 wymaga\u0107 tego przepisy prawa. Po up\u0142ywie okresu przetwarzania dane s\u0105 nieodwracalnie usuwane.<\/li>\n<\/ol>\n<\/li>\n<\/ol>\n\n\n\n<ol class=\"wp-block-list\" start=\"6\">\n<li><strong>Uprawnienia U\u017cytkownika<\/strong>\n<ol class=\"wp-block-list\" style=\"list-style-type:lower-alpha\">\n<li>U\u017cytkownikowi przys\u0142uguje prawo dost\u0119pu do tre\u015bci danych oraz \u017c\u0105dania ich sprostowania, usuni\u0119cia, ograniczenia przetwarzania, prawo do przenoszenia danych oraz prawo wniesienia skargi do organu nadzorczego zajmuj\u0105cego si\u0119 ochron\u0105 Danych osobowych \u2013 Prezesa Urz\u0119du Ochrony Danych Osobowych.<\/li>\n\n\n\n<li>U\u017cytkownikowi przys\u0142uguje r\u00f3wnie\u017c prawo wniesienia sprzeciwu wzgl\u0119dem przetwarzania danych, kt\u00f3re odbywa si\u0119 w oparciu o prawnie uzasadniony interes Administratora.<\/li>\n\n\n\n<li>W zakresie, w jakim dane U\u017cytkownika przetwarzane s\u0105 na podstawie zgody, mo\u017cna t\u0119 zgod\u0119 wycofa\u0107 w dowolnym momencie, kontaktuj\u0105c si\u0119 z Administratorem poprzez poczt\u0119 elektroniczn\u0105 pod adresem email: office@mmhunters.pl b\u0105d\u017a pisemnie na adres siedziby Administratora: ul. Szmaragdowa, nr 12, 76-015 Manowo.<\/li>\n<\/ol>\n<\/li>\n<\/ol>\n\n\n\n<ol class=\"wp-block-list\" start=\"7\">\n<li><strong>Odbiorcy Danych osobowych<\/strong>\n<ol class=\"wp-block-list\" style=\"list-style-type:lower-alpha\">\n<li>W zwi\u0105zku z realizacj\u0105 us\u0142ug Dane osobowe b\u0119d\u0105 ujawniane zewn\u0119trznym podmiotom, <em>w tym w szczeg\u00f3lno\u015bci dostawcom us\u0142ug IT pozwalaj\u0105cym na prawid\u0142owe korzystanie z Serwisu.<\/em><\/li>\n\n\n\n<li><em>W przypadku uzyskania zgody U\u017cytkownika jego dane mog\u0105 zosta\u0107 tak\u017ce udost\u0119pnione innym podmiotom do ich w\u0142asnych cel\u00f3w, w tym cel\u00f3w marketingowych.<\/em><\/li>\n\n\n\n<li>Administrator ma prawo ujawnienia wybranych informacji dotycz\u0105cych U\u017cytkownika w\u0142a\u015bciwym organom b\u0105d\u017a osobom trzecim, kt\u00f3re zg\u0142osz\u0105 \u017c\u0105danie udzielenia takich informacji, opieraj\u0105c si\u0119 na odpowiedniej podstawie prawnej oraz zgodnie z przepisami obowi\u0105zuj\u0105cego prawa.<\/li>\n<\/ol>\n<\/li>\n<\/ol>\n\n\n\n<ol class=\"wp-block-list\" start=\"8\">\n<li><strong>Przekazywanie Danych osobowych poza EOG<\/strong><\/li>\n<\/ol>\n\n\n\n<p>Dane osobowe nie s\u0105 przekazywane do pa\u0144stwa trzeciego w rozumieniu przepis\u00f3w RODO.<\/p>\n\n\n\n<ol class=\"wp-block-list\" start=\"9\">\n<li><strong>Bezpiecze\u0144stwo Danych osobowych<\/strong>\n<ol class=\"wp-block-list\" style=\"list-style-type:lower-alpha\">\n<li>Administrator na bie\u017c\u0105co prowadzi analiz\u0119 ryzyka w celu zapewnienia, \u017ce Dane osobowe przetwarzane s\u0105 przez niego w spos\u00f3b bezpieczny \u2013 zapewniaj\u0105cy przede wszystkim, \u017ce dost\u0119p do danych maj\u0105 jedynie osoby upowa\u017cnione i jedynie w zakresie, w jakim jest to niezb\u0119dne ze wzgl\u0119du na wykonywane przez nie zadania. Administrator dba o to, by wszystkie operacje na Danych osobowych by\u0142y rejestrowane i dokonywane jedynie przez uprawnionych pracownik\u00f3w i wsp\u00f3\u0142pracownik\u00f3w.<\/li>\n\n\n\n<li>Administrator podejmuje wszelkie niezb\u0119dne dzia\u0142ania, by tak\u017ce jego podwykonawcy i inne podmioty wsp\u00f3\u0142pracuj\u0105ce dawa\u0142y gwarancj\u0119 stosowania odpowiednich \u015brodk\u00f3w bezpiecze\u0144stwa w ka\u017cdym przypadku, gdy przetwarzaj\u0105 Dane osobowe na zlecenie Administratora.<\/li>\n<\/ol>\n<\/li>\n<\/ol>\n\n\n\n<p><strong>10. Dane kontaktowe<\/strong><\/p>\n\n\n\n<p>Kontakt z Administratorem jest mo\u017cliwy poprzez poczt\u0119 elektroniczn\u0105 pod adresem:office@mmhunters.pl , pisemnie na adres: ul. Szmaragdowa, nr 12, 76-015 Manowo.<\/p>\n\n\n\n<p><strong>11. Zmiany Polityki prywatno\u015bci<\/strong><\/p>\n\n\n\n<p>Polityka jest na bie\u017c\u0105co weryfikowana i w razie potrzeby aktualizowana.<\/p>\n\n\n\n<p><\/p>\n\n\n\n<p><\/p>\n","protected":false},"excerpt":{"rendered":"<p>W zwi\u0105zku z korzystaniem przez U\u017cytkownika z Serwisu Administrator zbiera dane w zakresie niezb\u0119dnym do \u015bwiadczenia oferowanych us\u0142ug. Poni\u017cej zosta\u0142y opisane szczeg\u00f3\u0142owe zasady oraz cele przetwarzania Danych osobowych gromadzonych podczas korzystania z Serwisu przez U\u017cytkownika. Dane osobowe os\u00f3b korzystaj\u0105cych z Serwisu przetwarzane s\u0105 przez Administratora: Dane osobowe nie s\u0105 przekazywane do pa\u0144stwa trzeciego w rozumieniu&hellip;&nbsp;<a href=\"https:\/\/mmhunters.pl\/fr\/polityka-prywatnosci\/\" class=\"\" rel=\"bookmark\">Read More &raquo;<span class=\"screen-reader-text\">Polityka prywatno\u015bci<\/span><\/a><\/p>\n","protected":false},"author":1,"featured_media":0,"parent":0,"menu_order":0,"comment_status":"closed","ping_status":"closed","template":"","meta":{"neve_meta_sidebar":"full-width","neve_meta_container":"contained","neve_meta_enable_content_width":"","neve_meta_content_width":0,"neve_meta_title_alignment":"","neve_meta_author_avatar":"","neve_post_elements_order":"","neve_meta_disable_header":"","neve_meta_disable_footer":"","neve_meta_disable_title":"","_themeisle_gutenberg_block_has_review":false,"_ti_tpc_template_sync":false,"_ti_tpc_template_id":"","footnotes":""},"class_list":["post-864","page","type-page","status-publish","hentry"],"translation":{"provider":"WPGlobus","version":"3.0.2","language":"fr","enabled_languages":["pl","en","de","fr"],"languages":{"pl":{"title":true,"content":true,"excerpt":false},"en":{"title":false,"content":false,"excerpt":false},"de":{"title":false,"content":false,"excerpt":false},"fr":{"title":false,"content":false,"excerpt":false}}},"yoast_head":"<!-- This site is optimized with the Yoast SEO plugin v27.4 - https:\/\/yoast.com\/product\/yoast-seo-wordpress\/ -->\n<title>Polityka prywatno\u015bci - MM HUNTERS<\/title>\n<meta name=\"robots\" content=\"index, follow, max-snippet:-1, max-image-preview:large, max-video-preview:-1\" \/>\n<link rel=\"canonical\" href=\"https:\/\/mmhunters.pl\/polityka-prywatnosci\/\" \/>\n<meta property=\"og:locale\" content=\"fr_FR\" \/>\n<meta property=\"og:type\" content=\"article\" \/>\n<meta property=\"og:title\" content=\"Polityka prywatno\u015bci - MM HUNTERS\" \/>\n<meta property=\"og:url\" content=\"https:\/\/mmhunters.pl\/polityka-prywatnosci\/\" \/>\n<meta property=\"og:site_name\" content=\"MM HUNTERS\" \/>\n<meta property=\"article:publisher\" content=\"https:\/\/www.facebook.com\/profile.php?id=100057105744226\" \/>\n<meta property=\"article:modified_time\" content=\"2024-02-10T14:42:21+00:00\" \/>\n<meta name=\"twitter:card\" content=\"summary_large_image\" \/>\n<meta name=\"twitter:label1\" content=\"Est. reading time\" \/>\n\t<meta name=\"twitter:data1\" content=\"8 minutes\" \/>\n<script type=\"application\/ld+json\" class=\"yoast-schema-graph\">{\"@context\":\"https:\\\/\\\/schema.org\",\"@graph\":[{\"@type\":\"WebPage\",\"@id\":\"https:\\\/\\\/mmhunters.pl\\\/polityka-prywatnosci\\\/\",\"url\":\"https:\\\/\\\/mmhunters.pl\\\/polityka-prywatnosci\\\/\",\"name\":\"Polityka prywatno\u015bci - MM HUNTERS\",\"isPartOf\":{\"@id\":\"https:\\\/\\\/mmhunters.pl\\\/#website\"},\"datePublished\":\"2024-02-10T13:57:20+00:00\",\"dateModified\":\"2024-02-10T14:42:21+00:00\",\"breadcrumb\":{\"@id\":\"https:\\\/\\\/mmhunters.pl\\\/polityka-prywatnosci\\\/#breadcrumb\"},\"inLanguage\":\"fr-FR\",\"potentialAction\":[{\"@type\":\"ReadAction\",\"target\":[\"https:\\\/\\\/mmhunters.pl\\\/polityka-prywatnosci\\\/\"]}]},{\"@type\":\"BreadcrumbList\",\"@id\":\"https:\\\/\\\/mmhunters.pl\\\/polityka-prywatnosci\\\/#breadcrumb\",\"itemListElement\":[{\"@type\":\"ListItem\",\"position\":1,\"name\":\"Strona g\u0142\u00f3wna\",\"item\":\"https:\\\/\\\/mmhunters.pl\\\/\"},{\"@type\":\"ListItem\",\"position\":2,\"name\":\"Polityka prywatno\u015bci\"}]},{\"@type\":\"WebSite\",\"@id\":\"https:\\\/\\\/mmhunters.pl\\\/#website\",\"url\":\"https:\\\/\\\/mmhunters.pl\\\/\",\"name\":\"MM HUNTERS\",\"description\":\"Wszystko po to, aby zapewni\u0107 naszym klientom najlepsze mo\u017cliwe do\u015bwiadczenia.\",\"publisher\":{\"@id\":\"https:\\\/\\\/mmhunters.pl\\\/#organization\"},\"potentialAction\":[{\"@type\":\"SearchAction\",\"target\":{\"@type\":\"EntryPoint\",\"urlTemplate\":\"https:\\\/\\\/mmhunters.pl\\\/?s={search_term_string}\"},\"query-input\":{\"@type\":\"PropertyValueSpecification\",\"valueRequired\":true,\"valueName\":\"search_term_string\"}}],\"inLanguage\":\"fr-FR\"},{\"@type\":\"Organization\",\"@id\":\"https:\\\/\\\/mmhunters.pl\\\/#organization\",\"name\":\"MM HUNTERS\",\"url\":\"https:\\\/\\\/mmhunters.pl\\\/\",\"logo\":{\"@type\":\"ImageObject\",\"inLanguage\":\"fr-FR\",\"@id\":\"https:\\\/\\\/mmhunters.pl\\\/#\\\/schema\\\/logo\\\/image\\\/\",\"url\":\"https:\\\/\\\/mmhunters.pl\\\/wp-content\\\/uploads\\\/2024\\\/02\\\/MM-HUNTERS-PNG-BEZ-TLA.png\",\"contentUrl\":\"https:\\\/\\\/mmhunters.pl\\\/wp-content\\\/uploads\\\/2024\\\/02\\\/MM-HUNTERS-PNG-BEZ-TLA.png\",\"width\":1563,\"height\":1563,\"caption\":\"MM HUNTERS\"},\"image\":{\"@id\":\"https:\\\/\\\/mmhunters.pl\\\/#\\\/schema\\\/logo\\\/image\\\/\"},\"sameAs\":[\"https:\\\/\\\/www.facebook.com\\\/profile.php?id=100057105744226\"]}]}<\/script>\n<!-- \/ Yoast SEO plugin. -->","yoast_head_json":{"title":"Polityka prywatno\u015bci - MM HUNTERS","robots":{"index":"index","follow":"follow","max-snippet":"max-snippet:-1","max-image-preview":"max-image-preview:large","max-video-preview":"max-video-preview:-1"},"canonical":"https:\/\/mmhunters.pl\/polityka-prywatnosci\/","og_locale":"fr_FR","og_type":"article","og_title":"Polityka prywatno\u015bci - MM HUNTERS","og_url":"https:\/\/mmhunters.pl\/polityka-prywatnosci\/","og_site_name":"MM HUNTERS","article_publisher":"https:\/\/www.facebook.com\/profile.php?id=100057105744226","article_modified_time":"2024-02-10T14:42:21+00:00","twitter_card":"summary_large_image","twitter_misc":{"Est. reading time":"8 minutes"},"schema":{"@context":"https:\/\/schema.org","@graph":[{"@type":"WebPage","@id":"https:\/\/mmhunters.pl\/polityka-prywatnosci\/","url":"https:\/\/mmhunters.pl\/polityka-prywatnosci\/","name":"Polityka prywatno\u015bci - MM HUNTERS","isPartOf":{"@id":"https:\/\/mmhunters.pl\/#website"},"datePublished":"2024-02-10T13:57:20+00:00","dateModified":"2024-02-10T14:42:21+00:00","breadcrumb":{"@id":"https:\/\/mmhunters.pl\/polityka-prywatnosci\/#breadcrumb"},"inLanguage":"fr-FR","potentialAction":[{"@type":"ReadAction","target":["https:\/\/mmhunters.pl\/polityka-prywatnosci\/"]}]},{"@type":"BreadcrumbList","@id":"https:\/\/mmhunters.pl\/polityka-prywatnosci\/#breadcrumb","itemListElement":[{"@type":"ListItem","position":1,"name":"Strona g\u0142\u00f3wna","item":"https:\/\/mmhunters.pl\/"},{"@type":"ListItem","position":2,"name":"Polityka prywatno\u015bci"}]},{"@type":"WebSite","@id":"https:\/\/mmhunters.pl\/#website","url":"https:\/\/mmhunters.pl\/","name":"MM HUNTERS","description":"Wszystko po to, aby zapewni\u0107 naszym klientom najlepsze mo\u017cliwe do\u015bwiadczenia.","publisher":{"@id":"https:\/\/mmhunters.pl\/#organization"},"potentialAction":[{"@type":"SearchAction","target":{"@type":"EntryPoint","urlTemplate":"https:\/\/mmhunters.pl\/?s={search_term_string}"},"query-input":{"@type":"PropertyValueSpecification","valueRequired":true,"valueName":"search_term_string"}}],"inLanguage":"fr-FR"},{"@type":"Organization","@id":"https:\/\/mmhunters.pl\/#organization","name":"MM HUNTERS","url":"https:\/\/mmhunters.pl\/","logo":{"@type":"ImageObject","inLanguage":"fr-FR","@id":"https:\/\/mmhunters.pl\/#\/schema\/logo\/image\/","url":"https:\/\/mmhunters.pl\/wp-content\/uploads\/2024\/02\/MM-HUNTERS-PNG-BEZ-TLA.png","contentUrl":"https:\/\/mmhunters.pl\/wp-content\/uploads\/2024\/02\/MM-HUNTERS-PNG-BEZ-TLA.png","width":1563,"height":1563,"caption":"MM HUNTERS"},"image":{"@id":"https:\/\/mmhunters.pl\/#\/schema\/logo\/image\/"},"sameAs":["https:\/\/www.facebook.com\/profile.php?id=100057105744226"]}]}},"_links":{"self":[{"href":"https:\/\/mmhunters.pl\/fr\/wp-json\/wp\/v2\/pages\/864","targetHints":{"allow":["GET"]}}],"collection":[{"href":"https:\/\/mmhunters.pl\/fr\/wp-json\/wp\/v2\/pages"}],"about":[{"href":"https:\/\/mmhunters.pl\/fr\/wp-json\/wp\/v2\/types\/page"}],"author":[{"embeddable":true,"href":"https:\/\/mmhunters.pl\/fr\/wp-json\/wp\/v2\/users\/1"}],"replies":[{"embeddable":true,"href":"https:\/\/mmhunters.pl\/fr\/wp-json\/wp\/v2\/comments?post=864"}],"version-history":[{"count":4,"href":"https:\/\/mmhunters.pl\/fr\/wp-json\/wp\/v2\/pages\/864\/revisions"}],"predecessor-version":[{"id":870,"href":"https:\/\/mmhunters.pl\/fr\/wp-json\/wp\/v2\/pages\/864\/revisions\/870"}],"wp:attachment":[{"href":"https:\/\/mmhunters.pl\/fr\/wp-json\/wp\/v2\/media?parent=864"}],"curies":[{"name":"wp","href":"https:\/\/api.w.org\/{rel}","templated":true}]}}