{"id":108,"date":"2020-06-30T00:26:40","date_gmt":"2020-06-30T00:26:40","guid":{"rendered":"https:\/\/demosites.io\/pet-shop-gb\/?page_id=108"},"modified":"2024-02-14T12:31:25","modified_gmt":"2024-02-14T11:31:25","slug":"o-nas","status":"publish","type":"page","link":"https:\/\/mmhunters.pl\/fr\/o-nas\/","title":{"rendered":"\u00c0 propos de nous"},"content":{"rendered":"\n<div id=\"wp-block-themeisle-blocks-advanced-columns-6d39dfb0\" class=\"wp-block-themeisle-blocks-advanced-columns alignfull has-1-columns has-desktop-equal-layout has-tablet-equal-layout has-mobile-equal-layout has-vertical-unset\"><div class=\"wp-block-themeisle-blocks-advanced-columns-overlay\"><\/div><div class=\"innerblocks-wrap\">\n<div id=\"wp-block-themeisle-blocks-advanced-column-d08a6c6d\" class=\"wp-block-themeisle-blocks-advanced-column\">\n<h1 class=\"wp-block-heading has-text-align-center has-nv-text-dark-bg-color has-text-color\">\u00c0 propos de nous<\/h1>\n\n\n\n<hr class=\"wp-block-separator has-text-color has-neve-button-color-color has-css-opacity has-neve-button-color-background-color has-background\"\/>\n<\/div>\n<\/div><\/div>\n\n\n\n<div id=\"wp-block-themeisle-blocks-advanced-columns-aac5f012\" class=\"wp-block-themeisle-blocks-advanced-columns alignfull has-1-columns has-desktop-oneTwo-layout has-tablet-equal-layout has-mobile-collapsedRows-layout has-vertical-top has-light-bg\"><div class=\"wp-block-themeisle-blocks-advanced-columns-overlay\"><\/div><div class=\"innerblocks-wrap\">\n<div id=\"wp-block-themeisle-blocks-advanced-column-22012e13\" class=\"wp-block-themeisle-blocks-advanced-column\">\n<div class=\"wp-block-columns is-layout-flex wp-container-core-columns-is-layout-9d6595d7 wp-block-columns-is-layout-flex\">\n<div class=\"wp-block-column is-vertically-aligned-stretch is-layout-flow wp-block-column-is-layout-flow\" style=\"flex-basis:33.33%\">\n<div class=\"wp-block-cover animated fadeInLeft delay-200ms wp-duotone-unset-1\" style=\"border-radius:0px;border-top-color:var(--wp--preset--color--neve-link-color);border-top-style:none;border-top-width:0px;border-right-color:var(--wp--preset--color--neve-link-color);border-right-width:14px;border-bottom-color:var(--wp--preset--color--neve-link-color);border-bottom-width:14px;border-left-color:var(--wp--preset--color--neve-link-color);border-left-style:none;border-left-width:0px;padding-top:0;padding-bottom:0\"><span aria-hidden=\"true\" class=\"wp-block-cover__background has-background-dim-10 has-background-dim\"><\/span><img loading=\"lazy\" decoding=\"async\" width=\"1024\" height=\"768\" class=\"wp-block-cover__image-background wp-image-341\" alt=\"\" src=\"http:\/\/mmhunters.pl\/wp-content\/uploads\/2024\/02\/1-1.jpg\" data-object-fit=\"cover\"\/><div class=\"wp-block-cover__inner-container is-layout-constrained wp-block-cover-is-layout-constrained\">\n<p class=\"has-text-align-center has-large-font-size\"><\/p>\n<\/div><\/div>\n<\/div>\n\n\n\n<div class=\"wp-block-column animated fadeInRight is-layout-flow wp-block-column-is-layout-flow\" style=\"flex-basis:66.66%\">\n<h2 class=\"wp-block-heading\">Maciej To\u0142\u0142oczko<\/h2>\n\n\n\n<p class=\"has-medium-font-size\" style=\"padding-top:0;padding-right:0;padding-bottom:0;padding-left:0;letter-spacing:2px\">A l\u2019\u00e2ge de 10 ans j\u2019ai commenc\u00e9 \u00e0 accompagner mon p\u00e8re \u00e0 la chasse. La chasse en battue est l\u2019un de mes types de chasse pr\u00e9f\u00e9r\u00e9s. J\u2019aime aussi la chasse aux brocards et aux sangliers \u2013\u00e0 l\u2019aff\u00fbt et \u00e0 l\u2019approche. En plus, je m\u2019entraine au tir \u00e0 la cible. J\u2019ai gagn\u00e9 quelques comp\u00e9titions locales. La chasse constitue le sens de ma vie et me permet d\u2019\u00eatre plus pr\u00e8s de la nature. Je chasse depuis 20 ans.<\/p>\n<\/div>\n<\/div>\n\n\n\n<div style=\"height:21px\" aria-hidden=\"true\" class=\"wp-block-spacer\"><\/div>\n\n\n\n<div class=\"wp-block-columns animated fadeInRight is-layout-flex wp-container-core-columns-is-layout-9d6595d7 wp-block-columns-is-layout-flex\">\n<div class=\"wp-block-column is-vertically-aligned-stretch is-layout-flow wp-block-column-is-layout-flow\" style=\"flex-basis:33.33%\">\n<div class=\"wp-block-cover animated fadeInLeft delay-200ms wp-duotone-unset-2\" style=\"border-radius:0px;border-top-color:var(--wp--preset--color--neve-link-color);border-top-style:none;border-top-width:0px;border-right-color:var(--wp--preset--color--neve-link-color);border-right-width:14px;border-bottom-color:var(--wp--preset--color--neve-link-color);border-bottom-width:14px;border-left-color:var(--wp--preset--color--neve-link-color);border-left-style:none;border-left-width:0px;padding-top:0;padding-bottom:0\"><span aria-hidden=\"true\" class=\"wp-block-cover__background has-background-dim-10 has-background-dim\"><\/span><img loading=\"lazy\" decoding=\"async\" width=\"5664\" height=\"4248\" class=\"wp-block-cover__image-background wp-image-382\" alt=\"\" src=\"http:\/\/mmhunters.pl\/wp-content\/uploads\/2024\/02\/2-1.jpg\" data-object-fit=\"cover\"\/><div class=\"wp-block-cover__inner-container is-layout-constrained wp-block-cover-is-layout-constrained\">\n<p class=\"has-text-align-center has-large-font-size\"><\/p>\n<\/div><\/div>\n<\/div>\n\n\n\n<div class=\"wp-block-column animated fadeInRight delay-200ms is-layout-flow wp-block-column-is-layout-flow\" style=\"flex-basis:66.66%\">\n<h2 class=\"wp-block-heading\">Micha\u0142 Surus<\/h2>\n\n\n\n<p class=\"has-medium-font-size\" style=\"padding-top:0;padding-right:0;padding-bottom:0;padding-left:0;letter-spacing:2px\">Pour moi la chasse signifie plus que la passion. Dans ma famille je suis la troisi\u00e8me g\u00e9n\u00e9ration des chasseurs. J\u2019ai accompagn\u00e9 mon grand-p\u00e8re et mon p\u00e8re \u00e0 la chasse. J\u2019appr\u00e9cis la chasse traditionnelle, j\u2019attache une grande importance sur l\u2019\u00e9thique cyn\u00e9g\u00e9tique. J\u2019adore la chasse aux cerfs pendant le br\u00e2me. Je chassedepuis 10 ans.<\/p>\n<\/div>\n<\/div>\n<\/div>\n<\/div><\/div>\n","protected":false},"excerpt":{"rendered":"","protected":false},"author":1,"featured_media":0,"parent":0,"menu_order":0,"comment_status":"closed","ping_status":"closed","template":"","meta":{"neve_meta_sidebar":"full-width","neve_meta_container":"","neve_meta_enable_content_width":"on","neve_meta_content_width":100,"neve_meta_title_alignment":"","neve_meta_author_avatar":"","neve_post_elements_order":"","neve_meta_disable_header":"","neve_meta_disable_footer":"off","neve_meta_disable_title":"on","_themeisle_gutenberg_block_has_review":false,"_ti_tpc_template_sync":false,"_ti_tpc_template_id":"0yv2k21pkxzwtko0nyq3","footnotes":""},"class_list":["post-108","page","type-page","status-publish","hentry"],"translation":{"provider":"WPGlobus","version":"3.0.2","language":"fr","enabled_languages":["pl","en","de","fr"],"languages":{"pl":{"title":true,"content":true,"excerpt":false},"en":{"title":true,"content":true,"excerpt":false},"de":{"title":true,"content":true,"excerpt":false},"fr":{"title":true,"content":true,"excerpt":false}}},"yoast_head":"<!-- This site is optimized with the Yoast SEO plugin v27.4 - https:\/\/yoast.com\/product\/yoast-seo-wordpress\/ -->\n<title>\u00c0 propos de nous - MM HUNTERS<\/title>\n<meta name=\"robots\" content=\"index, follow, max-snippet:-1, max-image-preview:large, max-video-preview:-1\" \/>\n<link rel=\"canonical\" href=\"https:\/\/mmhunters.pl\/o-nas\/\" \/>\n<meta property=\"og:locale\" content=\"fr_FR\" \/>\n<meta property=\"og:type\" content=\"article\" \/>\n<meta property=\"og:title\" content=\"\u00c0 propos de nous - MM HUNTERS\" \/>\n<meta property=\"og:url\" content=\"https:\/\/mmhunters.pl\/o-nas\/\" \/>\n<meta property=\"og:site_name\" content=\"MM HUNTERS\" \/>\n<meta property=\"article:publisher\" content=\"https:\/\/www.facebook.com\/profile.php?id=100057105744226\" \/>\n<meta property=\"article:modified_time\" content=\"2024-02-14T11:31:25+00:00\" \/>\n<meta property=\"og:image\" content=\"http:\/\/mmhunters.pl\/wp-content\/uploads\/2024\/02\/1-1.jpg\" \/>\n<meta name=\"twitter:card\" content=\"summary_large_image\" \/>\n<meta name=\"twitter:label1\" content=\"Est. reading time\" \/>\n\t<meta name=\"twitter:data1\" content=\"2 minutes\" \/>\n<script type=\"application\/ld+json\" class=\"yoast-schema-graph\">{\"@context\":\"https:\\\/\\\/schema.org\",\"@graph\":[{\"@type\":\"WebPage\",\"@id\":\"https:\\\/\\\/mmhunters.pl\\\/o-nas\\\/\",\"url\":\"https:\\\/\\\/mmhunters.pl\\\/o-nas\\\/\",\"name\":\"\u00c0 propos de nous - MM HUNTERS\",\"isPartOf\":{\"@id\":\"https:\\\/\\\/mmhunters.pl\\\/#website\"},\"primaryImageOfPage\":{\"@id\":\"https:\\\/\\\/mmhunters.pl\\\/o-nas\\\/#primaryimage\"},\"image\":{\"@id\":\"https:\\\/\\\/mmhunters.pl\\\/o-nas\\\/#primaryimage\"},\"thumbnailUrl\":\"http:\\\/\\\/mmhunters.pl\\\/wp-content\\\/uploads\\\/2024\\\/02\\\/1-1.jpg\",\"datePublished\":\"2020-06-30T00:26:40+00:00\",\"dateModified\":\"2024-02-14T11:31:25+00:00\",\"description\":\"O nas - Maciej To\u0142\u0142oczko i Micha\u0142 Surus - do\u015bwiadczeni my\u015bliwi, kt\u00f3rych pasja si\u0119ga dzieci\u0144stwa, przekazywana z pokolenia na pokolenie.\",\"breadcrumb\":{\"@id\":\"https:\\\/\\\/mmhunters.pl\\\/o-nas\\\/#breadcrumb\"},\"inLanguage\":\"fr-FR\",\"potentialAction\":[{\"@type\":\"ReadAction\",\"target\":[\"https:\\\/\\\/mmhunters.pl\\\/o-nas\\\/\"]}]},{\"@type\":\"ImageObject\",\"inLanguage\":\"fr-FR\",\"@id\":\"https:\\\/\\\/mmhunters.pl\\\/o-nas\\\/#primaryimage\",\"url\":\"http:\\\/\\\/mmhunters.pl\\\/wp-content\\\/uploads\\\/2024\\\/02\\\/1-1.jpg\",\"contentUrl\":\"http:\\\/\\\/mmhunters.pl\\\/wp-content\\\/uploads\\\/2024\\\/02\\\/1-1.jpg\"},{\"@type\":\"BreadcrumbList\",\"@id\":\"https:\\\/\\\/mmhunters.pl\\\/o-nas\\\/#breadcrumb\",\"itemListElement\":[{\"@type\":\"ListItem\",\"position\":1,\"name\":\"Strona g\u0142\u00f3wna\",\"item\":\"https:\\\/\\\/mmhunters.pl\\\/\"},{\"@type\":\"ListItem\",\"position\":2,\"name\":\"O nas\"}]},{\"@type\":\"WebSite\",\"@id\":\"https:\\\/\\\/mmhunters.pl\\\/#website\",\"url\":\"https:\\\/\\\/mmhunters.pl\\\/\",\"name\":\"MM HUNTERS\",\"description\":\"Wszystko po to, aby zapewni\u0107 naszym klientom najlepsze mo\u017cliwe do\u015bwiadczenia.\",\"publisher\":{\"@id\":\"https:\\\/\\\/mmhunters.pl\\\/#organization\"},\"potentialAction\":[{\"@type\":\"SearchAction\",\"target\":{\"@type\":\"EntryPoint\",\"urlTemplate\":\"https:\\\/\\\/mmhunters.pl\\\/?s={search_term_string}\"},\"query-input\":{\"@type\":\"PropertyValueSpecification\",\"valueRequired\":true,\"valueName\":\"search_term_string\"}}],\"inLanguage\":\"fr-FR\"},{\"@type\":\"Organization\",\"@id\":\"https:\\\/\\\/mmhunters.pl\\\/#organization\",\"name\":\"MM HUNTERS\",\"url\":\"https:\\\/\\\/mmhunters.pl\\\/\",\"logo\":{\"@type\":\"ImageObject\",\"inLanguage\":\"fr-FR\",\"@id\":\"https:\\\/\\\/mmhunters.pl\\\/#\\\/schema\\\/logo\\\/image\\\/\",\"url\":\"https:\\\/\\\/mmhunters.pl\\\/wp-content\\\/uploads\\\/2024\\\/02\\\/MM-HUNTERS-PNG-BEZ-TLA.png\",\"contentUrl\":\"https:\\\/\\\/mmhunters.pl\\\/wp-content\\\/uploads\\\/2024\\\/02\\\/MM-HUNTERS-PNG-BEZ-TLA.png\",\"width\":1563,\"height\":1563,\"caption\":\"MM HUNTERS\"},\"image\":{\"@id\":\"https:\\\/\\\/mmhunters.pl\\\/#\\\/schema\\\/logo\\\/image\\\/\"},\"sameAs\":[\"https:\\\/\\\/www.facebook.com\\\/profile.php?id=100057105744226\"]}]}<\/script>\n<!-- \/ Yoast SEO plugin. -->","yoast_head_json":{"title":"\u00c0 propos de nous - MM HUNTERS","robots":{"index":"index","follow":"follow","max-snippet":"max-snippet:-1","max-image-preview":"max-image-preview:large","max-video-preview":"max-video-preview:-1"},"canonical":"https:\/\/mmhunters.pl\/o-nas\/","og_locale":"fr_FR","og_type":"article","og_title":"\u00c0 propos de nous - MM HUNTERS","og_url":"https:\/\/mmhunters.pl\/o-nas\/","og_site_name":"MM HUNTERS","article_publisher":"https:\/\/www.facebook.com\/profile.php?id=100057105744226","article_modified_time":"2024-02-14T11:31:25+00:00","og_image":[{"url":"http:\/\/mmhunters.pl\/wp-content\/uploads\/2024\/02\/1-1.jpg","type":"","width":"","height":""}],"twitter_card":"summary_large_image","twitter_misc":{"Est. reading time":"2 minutes"},"schema":{"@context":"https:\/\/schema.org","@graph":[{"@type":"WebPage","@id":"https:\/\/mmhunters.pl\/o-nas\/","url":"https:\/\/mmhunters.pl\/o-nas\/","name":"\u00c0 propos de nous - MM HUNTERS","isPartOf":{"@id":"https:\/\/mmhunters.pl\/#website"},"primaryImageOfPage":{"@id":"https:\/\/mmhunters.pl\/o-nas\/#primaryimage"},"image":{"@id":"https:\/\/mmhunters.pl\/o-nas\/#primaryimage"},"thumbnailUrl":"http:\/\/mmhunters.pl\/wp-content\/uploads\/2024\/02\/1-1.jpg","datePublished":"2020-06-30T00:26:40+00:00","dateModified":"2024-02-14T11:31:25+00:00","description":"O nas - Maciej To\u0142\u0142oczko i Micha\u0142 Surus - do\u015bwiadczeni my\u015bliwi, kt\u00f3rych pasja si\u0119ga dzieci\u0144stwa, przekazywana z pokolenia na pokolenie.","breadcrumb":{"@id":"https:\/\/mmhunters.pl\/o-nas\/#breadcrumb"},"inLanguage":"fr-FR","potentialAction":[{"@type":"ReadAction","target":["https:\/\/mmhunters.pl\/o-nas\/"]}]},{"@type":"ImageObject","inLanguage":"fr-FR","@id":"https:\/\/mmhunters.pl\/o-nas\/#primaryimage","url":"http:\/\/mmhunters.pl\/wp-content\/uploads\/2024\/02\/1-1.jpg","contentUrl":"http:\/\/mmhunters.pl\/wp-content\/uploads\/2024\/02\/1-1.jpg"},{"@type":"BreadcrumbList","@id":"https:\/\/mmhunters.pl\/o-nas\/#breadcrumb","itemListElement":[{"@type":"ListItem","position":1,"name":"Strona g\u0142\u00f3wna","item":"https:\/\/mmhunters.pl\/"},{"@type":"ListItem","position":2,"name":"O nas"}]},{"@type":"WebSite","@id":"https:\/\/mmhunters.pl\/#website","url":"https:\/\/mmhunters.pl\/","name":"MM HUNTERS","description":"Wszystko po to, aby zapewni\u0107 naszym klientom najlepsze mo\u017cliwe do\u015bwiadczenia.","publisher":{"@id":"https:\/\/mmhunters.pl\/#organization"},"potentialAction":[{"@type":"SearchAction","target":{"@type":"EntryPoint","urlTemplate":"https:\/\/mmhunters.pl\/?s={search_term_string}"},"query-input":{"@type":"PropertyValueSpecification","valueRequired":true,"valueName":"search_term_string"}}],"inLanguage":"fr-FR"},{"@type":"Organization","@id":"https:\/\/mmhunters.pl\/#organization","name":"MM HUNTERS","url":"https:\/\/mmhunters.pl\/","logo":{"@type":"ImageObject","inLanguage":"fr-FR","@id":"https:\/\/mmhunters.pl\/#\/schema\/logo\/image\/","url":"https:\/\/mmhunters.pl\/wp-content\/uploads\/2024\/02\/MM-HUNTERS-PNG-BEZ-TLA.png","contentUrl":"https:\/\/mmhunters.pl\/wp-content\/uploads\/2024\/02\/MM-HUNTERS-PNG-BEZ-TLA.png","width":1563,"height":1563,"caption":"MM HUNTERS"},"image":{"@id":"https:\/\/mmhunters.pl\/#\/schema\/logo\/image\/"},"sameAs":["https:\/\/www.facebook.com\/profile.php?id=100057105744226"]}]}},"_links":{"self":[{"href":"https:\/\/mmhunters.pl\/fr\/wp-json\/wp\/v2\/pages\/108","targetHints":{"allow":["GET"]}}],"collection":[{"href":"https:\/\/mmhunters.pl\/fr\/wp-json\/wp\/v2\/pages"}],"about":[{"href":"https:\/\/mmhunters.pl\/fr\/wp-json\/wp\/v2\/types\/page"}],"author":[{"embeddable":true,"href":"https:\/\/mmhunters.pl\/fr\/wp-json\/wp\/v2\/users\/1"}],"replies":[{"embeddable":true,"href":"https:\/\/mmhunters.pl\/fr\/wp-json\/wp\/v2\/comments?post=108"}],"version-history":[{"count":26,"href":"https:\/\/mmhunters.pl\/fr\/wp-json\/wp\/v2\/pages\/108\/revisions"}],"predecessor-version":[{"id":514,"href":"https:\/\/mmhunters.pl\/fr\/wp-json\/wp\/v2\/pages\/108\/revisions\/514"}],"wp:attachment":[{"href":"https:\/\/mmhunters.pl\/fr\/wp-json\/wp\/v2\/media?parent=108"}],"curies":[{"name":"wp","href":"https:\/\/api.w.org\/{rel}","templated":true}]}}