{"id":572,"date":"2024-02-07T10:24:09","date_gmt":"2024-02-07T09:24:09","guid":{"rendered":"http:\/\/mmhunters.pl\/?page_id=572"},"modified":"2024-02-14T13:06:56","modified_gmt":"2024-02-14T12:06:56","slug":"galeria","status":"publish","type":"page","link":"https:\/\/mmhunters.pl\/en\/galeria\/","title":{"rendered":"Gallery"},"content":{"rendered":"\n<figure class=\"wp-block-gallery has-nested-images columns-6 is-cropped wp-block-gallery-1 is-layout-flex wp-block-gallery-is-layout-flex\" style=\"padding-top:0;padding-right:0;padding-bottom:0;padding-left:0\">\n<figure class=\"wp-block-image size-large\"><img loading=\"lazy\" decoding=\"async\" width=\"1024\" height=\"768\" data-id=\"535\" src=\"http:\/\/mmhunters.pl\/wp-content\/uploads\/2024\/02\/d.jpg\" alt=\"\" class=\"wp-image-535\"\/><\/figure>\n\n\n\n<figure class=\"wp-block-image size-large\"><img loading=\"lazy\" decoding=\"async\" width=\"4000\" height=\"2569\" data-id=\"520\" src=\"http:\/\/mmhunters.pl\/wp-content\/uploads\/2024\/02\/zbiorowe.jpg\" alt=\"\" class=\"wp-image-520\"\/><\/figure>\n\n\n\n<figure class=\"wp-block-image size-large\"><img loading=\"lazy\" decoding=\"async\" width=\"3204\" height=\"2136\" data-id=\"582\" src=\"http:\/\/mmhunters.pl\/wp-content\/uploads\/2024\/02\/1-3.jpg\" alt=\"\" class=\"wp-image-582\"\/><\/figure>\n\n\n\n<figure class=\"wp-block-image size-large\"><img loading=\"lazy\" decoding=\"async\" width=\"2609\" height=\"2601\" data-id=\"583\" src=\"http:\/\/mmhunters.pl\/wp-content\/uploads\/2024\/02\/2-3.jpg\" alt=\"\" class=\"wp-image-583\"\/><\/figure>\n\n\n\n<figure class=\"wp-block-image size-large\"><img loading=\"lazy\" decoding=\"async\" width=\"2832\" height=\"2124\" data-id=\"584\" src=\"http:\/\/mmhunters.pl\/wp-content\/uploads\/2024\/02\/3.jpg\" alt=\"\" class=\"wp-image-584\"\/><\/figure>\n\n\n\n<figure class=\"wp-block-image size-large\"><img loading=\"lazy\" decoding=\"async\" width=\"960\" height=\"960\" data-id=\"585\" src=\"http:\/\/mmhunters.pl\/wp-content\/uploads\/2024\/02\/4.jpg\" alt=\"\" class=\"wp-image-585\"\/><\/figure>\n\n\n\n<figure class=\"wp-block-image size-large\"><img loading=\"lazy\" decoding=\"async\" width=\"3072\" height=\"2304\" data-id=\"586\" src=\"http:\/\/mmhunters.pl\/wp-content\/uploads\/2024\/02\/5-1.jpg\" alt=\"\" class=\"wp-image-586\"\/><\/figure>\n\n\n\n<figure class=\"wp-block-image size-large\"><img loading=\"lazy\" decoding=\"async\" width=\"2124\" height=\"1593\" data-id=\"587\" src=\"http:\/\/mmhunters.pl\/wp-content\/uploads\/2024\/02\/6-2.jpg\" alt=\"\" class=\"wp-image-587\"\/><\/figure>\n\n\n\n<figure class=\"wp-block-image size-large\"><img loading=\"lazy\" decoding=\"async\" width=\"2250\" height=\"1688\" data-id=\"588\" src=\"http:\/\/mmhunters.pl\/wp-content\/uploads\/2024\/02\/7-1.jpg\" alt=\"\" class=\"wp-image-588\"\/><\/figure>\n\n\n\n<figure class=\"wp-block-image size-large\"><img loading=\"lazy\" decoding=\"async\" width=\"2800\" height=\"3372\" data-id=\"589\" src=\"http:\/\/mmhunters.pl\/wp-content\/uploads\/2024\/02\/8.jpg\" alt=\"\" class=\"wp-image-589\"\/><\/figure>\n\n\n\n<figure class=\"wp-block-image size-large\"><img loading=\"lazy\" decoding=\"async\" width=\"2268\" height=\"3024\" data-id=\"590\" src=\"http:\/\/mmhunters.pl\/wp-content\/uploads\/2024\/02\/9.jpeg\" alt=\"\" class=\"wp-image-590\"\/><\/figure>\n\n\n\n<figure class=\"wp-block-image size-large\"><img loading=\"lazy\" decoding=\"async\" width=\"1536\" height=\"2048\" data-id=\"591\" src=\"http:\/\/mmhunters.pl\/wp-content\/uploads\/2024\/02\/10.jpeg\" alt=\"\" class=\"wp-image-591\"\/><\/figure>\n\n\n\n<figure class=\"wp-block-image size-large\"><img loading=\"lazy\" decoding=\"async\" width=\"701\" height=\"871\" data-id=\"592\" src=\"http:\/\/mmhunters.pl\/wp-content\/uploads\/2024\/02\/11.jpg\" alt=\"\" class=\"wp-image-592\"\/><\/figure>\n\n\n\n<figure class=\"wp-block-image size-large\"><img loading=\"lazy\" decoding=\"async\" width=\"4032\" height=\"3024\" data-id=\"593\" src=\"http:\/\/mmhunters.pl\/wp-content\/uploads\/2024\/02\/12.jpeg\" alt=\"\" class=\"wp-image-593\"\/><\/figure>\n\n\n\n<figure class=\"wp-block-image size-large\"><img loading=\"lazy\" decoding=\"async\" width=\"2250\" height=\"3000\" data-id=\"594\" src=\"http:\/\/mmhunters.pl\/wp-content\/uploads\/2024\/02\/13.jpg\" alt=\"\" class=\"wp-image-594\"\/><\/figure>\n\n\n\n<figure class=\"wp-block-image size-large\"><img loading=\"lazy\" decoding=\"async\" width=\"1962\" height=\"2304\" data-id=\"595\" src=\"http:\/\/mmhunters.pl\/wp-content\/uploads\/2024\/02\/14.jpg\" alt=\"\" class=\"wp-image-595\"\/><\/figure>\n\n\n\n<figure class=\"wp-block-image size-large\"><img loading=\"lazy\" decoding=\"async\" width=\"3204\" height=\"2136\" data-id=\"596\" src=\"http:\/\/mmhunters.pl\/wp-content\/uploads\/2024\/02\/15.jpg\" alt=\"\" class=\"wp-image-596\"\/><\/figure>\n\n\n\n<figure class=\"wp-block-image size-large\"><img loading=\"lazy\" decoding=\"async\" width=\"2136\" height=\"1424\" data-id=\"597\" src=\"http:\/\/mmhunters.pl\/wp-content\/uploads\/2024\/02\/16.jpg\" alt=\"\" class=\"wp-image-597\"\/><\/figure>\n\n\n\n<figure class=\"wp-block-image size-large\"><img loading=\"lazy\" decoding=\"async\" width=\"1600\" height=\"1200\" data-id=\"598\" src=\"http:\/\/mmhunters.pl\/wp-content\/uploads\/2024\/02\/17.jpg\" alt=\"\" class=\"wp-image-598\"\/><\/figure>\n\n\n\n<figure class=\"wp-block-image size-large\"><img loading=\"lazy\" decoding=\"async\" width=\"1024\" height=\"768\" data-id=\"599\" src=\"http:\/\/mmhunters.pl\/wp-content\/uploads\/2024\/02\/18.jpg\" alt=\"\" class=\"wp-image-599\"\/><\/figure>\n\n\n\n<figure class=\"wp-block-image size-large\"><img loading=\"lazy\" decoding=\"async\" width=\"1024\" height=\"768\" data-id=\"600\" src=\"http:\/\/mmhunters.pl\/wp-content\/uploads\/2024\/02\/19.jpg\" alt=\"\" class=\"wp-image-600\"\/><\/figure>\n\n\n\n<figure class=\"wp-block-image size-large\"><img loading=\"lazy\" decoding=\"async\" width=\"768\" height=\"1024\" data-id=\"601\" src=\"http:\/\/mmhunters.pl\/wp-content\/uploads\/2024\/02\/20.jpg\" alt=\"\" class=\"wp-image-601\"\/><\/figure>\n\n\n\n<figure class=\"wp-block-image size-large\"><img loading=\"lazy\" decoding=\"async\" width=\"1600\" height=\"1200\" data-id=\"602\" src=\"http:\/\/mmhunters.pl\/wp-content\/uploads\/2024\/02\/21.jpg\" alt=\"\" class=\"wp-image-602\"\/><\/figure>\n\n\n\n<figure class=\"wp-block-image size-large\"><img loading=\"lazy\" decoding=\"async\" width=\"1680\" height=\"756\" data-id=\"603\" src=\"http:\/\/mmhunters.pl\/wp-content\/uploads\/2024\/02\/22.jpeg\" alt=\"\" class=\"wp-image-603\"\/><\/figure>\n\n\n\n<figure class=\"wp-block-image size-large\"><img loading=\"lazy\" decoding=\"async\" width=\"1024\" height=\"768\" data-id=\"604\" src=\"http:\/\/mmhunters.pl\/wp-content\/uploads\/2024\/02\/23.jpg\" alt=\"\" class=\"wp-image-604\"\/><\/figure>\n\n\n\n<figure class=\"wp-block-image size-large\"><img loading=\"lazy\" decoding=\"async\" width=\"3000\" height=\"1927\" data-id=\"605\" src=\"http:\/\/mmhunters.pl\/wp-content\/uploads\/2024\/02\/24.jpg\" alt=\"\" class=\"wp-image-605\"\/><\/figure>\n\n\n\n<figure class=\"wp-block-image size-large\"><img loading=\"lazy\" decoding=\"async\" width=\"1600\" height=\"1201\" data-id=\"606\" src=\"http:\/\/mmhunters.pl\/wp-content\/uploads\/2024\/02\/25.jpg\" alt=\"\" class=\"wp-image-606\"\/><\/figure>\n\n\n\n<figure class=\"wp-block-image size-large\"><img loading=\"lazy\" decoding=\"async\" width=\"1512\" height=\"2016\" data-id=\"607\" src=\"http:\/\/mmhunters.pl\/wp-content\/uploads\/2024\/02\/26.jpg\" alt=\"\" class=\"wp-image-607\"\/><\/figure>\n\n\n\n<figure class=\"wp-block-image size-large\"><img loading=\"lazy\" decoding=\"async\" width=\"1512\" height=\"2016\" data-id=\"608\" src=\"http:\/\/mmhunters.pl\/wp-content\/uploads\/2024\/02\/27.jpg\" alt=\"\" class=\"wp-image-608\"\/><\/figure>\n\n\n\n<figure class=\"wp-block-image size-large\"><img loading=\"lazy\" decoding=\"async\" width=\"1500\" height=\"2000\" data-id=\"609\" src=\"http:\/\/mmhunters.pl\/wp-content\/uploads\/2024\/02\/28.jpg\" alt=\"\" class=\"wp-image-609\"\/><\/figure>\n\n\n\n<figure class=\"wp-block-image size-large\"><img loading=\"lazy\" decoding=\"async\" width=\"2165\" height=\"3247\" data-id=\"610\" src=\"http:\/\/mmhunters.pl\/wp-content\/uploads\/2024\/02\/29.jpg\" alt=\"\" class=\"wp-image-610\"\/><\/figure>\n\n\n\n<figure class=\"wp-block-image size-large\"><img loading=\"lazy\" decoding=\"async\" width=\"2136\" height=\"3204\" data-id=\"611\" src=\"http:\/\/mmhunters.pl\/wp-content\/uploads\/2024\/02\/30.jpg\" alt=\"\" class=\"wp-image-611\"\/><\/figure>\n\n\n\n<figure class=\"wp-block-image size-large\"><img loading=\"lazy\" decoding=\"async\" width=\"1200\" height=\"1600\" data-id=\"612\" src=\"http:\/\/mmhunters.pl\/wp-content\/uploads\/2024\/02\/31.jpg\" alt=\"\" class=\"wp-image-612\"\/><\/figure>\n\n\n\n<figure class=\"wp-block-image size-large\"><img loading=\"lazy\" decoding=\"async\" width=\"1201\" height=\"1600\" data-id=\"613\" src=\"http:\/\/mmhunters.pl\/wp-content\/uploads\/2024\/02\/32.jpg\" alt=\"\" class=\"wp-image-613\"\/><\/figure>\n\n\n\n<figure class=\"wp-block-image size-large\"><img loading=\"lazy\" decoding=\"async\" width=\"1224\" height=\"1632\" data-id=\"614\" src=\"http:\/\/mmhunters.pl\/wp-content\/uploads\/2024\/02\/33.jpg\" alt=\"\" class=\"wp-image-614\"\/><\/figure>\n\n\n\n<figure class=\"wp-block-image size-large\"><img loading=\"lazy\" decoding=\"async\" width=\"1008\" height=\"756\" data-id=\"615\" src=\"http:\/\/mmhunters.pl\/wp-content\/uploads\/2024\/02\/34.jpg\" alt=\"\" class=\"wp-image-615\"\/><\/figure>\n\n\n\n<figure class=\"wp-block-image size-large\"><img loading=\"lazy\" decoding=\"async\" width=\"768\" height=\"1024\" data-id=\"616\" src=\"http:\/\/mmhunters.pl\/wp-content\/uploads\/2024\/02\/35.jpg\" alt=\"\" class=\"wp-image-616\"\/><\/figure>\n<\/figure>\n","protected":false},"excerpt":{"rendered":"","protected":false},"author":1,"featured_media":0,"parent":0,"menu_order":0,"comment_status":"closed","ping_status":"closed","template":"","meta":{"neve_meta_sidebar":"default","neve_meta_container":"contained","neve_meta_enable_content_width":"","neve_meta_content_width":0,"neve_meta_title_alignment":"left","neve_meta_author_avatar":"","neve_post_elements_order":"","neve_meta_disable_header":"","neve_meta_disable_footer":"","neve_meta_disable_title":"off","_themeisle_gutenberg_block_has_review":false,"_ti_tpc_template_sync":false,"_ti_tpc_template_id":"","footnotes":""},"class_list":["post-572","page","type-page","status-publish","hentry"],"translation":{"provider":"WPGlobus","version":"3.0.2","language":"en","enabled_languages":["pl","en","de","fr"],"languages":{"pl":{"title":true,"content":true,"excerpt":false},"en":{"title":true,"content":true,"excerpt":false},"de":{"title":true,"content":true,"excerpt":false},"fr":{"title":true,"content":true,"excerpt":false}}},"yoast_head":"<!-- This site is optimized with the Yoast SEO plugin v27.4 - https:\/\/yoast.com\/product\/yoast-seo-wordpress\/ -->\n<title>Gallery - MM HUNTERS<\/title>\n<meta name=\"robots\" content=\"index, follow, max-snippet:-1, max-image-preview:large, max-video-preview:-1\" \/>\n<link rel=\"canonical\" href=\"https:\/\/mmhunters.pl\/galeria\/\" \/>\n<meta property=\"og:locale\" content=\"en_US\" \/>\n<meta property=\"og:type\" content=\"article\" \/>\n<meta property=\"og:title\" content=\"Gallery - MM HUNTERS\" \/>\n<meta property=\"og:url\" content=\"https:\/\/mmhunters.pl\/galeria\/\" \/>\n<meta property=\"og:site_name\" content=\"MM HUNTERS\" \/>\n<meta property=\"article:publisher\" content=\"https:\/\/www.facebook.com\/profile.php?id=100057105744226\" \/>\n<meta property=\"article:modified_time\" content=\"2024-02-14T12:06:56+00:00\" \/>\n<meta property=\"og:image\" content=\"http:\/\/mmhunters.pl\/wp-content\/uploads\/2024\/02\/d.jpg\" \/>\n<meta name=\"twitter:card\" content=\"summary_large_image\" \/>\n<meta name=\"twitter:label1\" content=\"Est. reading time\" \/>\n\t<meta name=\"twitter:data1\" content=\"8 minutes\" \/>\n<script type=\"application\/ld+json\" class=\"yoast-schema-graph\">{\"@context\":\"https:\\\/\\\/schema.org\",\"@graph\":[{\"@type\":\"WebPage\",\"@id\":\"https:\\\/\\\/mmhunters.pl\\\/galeria\\\/\",\"url\":\"https:\\\/\\\/mmhunters.pl\\\/galeria\\\/\",\"name\":\"Gallery - MM HUNTERS\",\"isPartOf\":{\"@id\":\"https:\\\/\\\/mmhunters.pl\\\/#website\"},\"primaryImageOfPage\":{\"@id\":\"https:\\\/\\\/mmhunters.pl\\\/galeria\\\/#primaryimage\"},\"image\":{\"@id\":\"https:\\\/\\\/mmhunters.pl\\\/galeria\\\/#primaryimage\"},\"thumbnailUrl\":\"http:\\\/\\\/mmhunters.pl\\\/wp-content\\\/uploads\\\/2024\\\/02\\\/d.jpg\",\"datePublished\":\"2024-02-07T09:24:09+00:00\",\"dateModified\":\"2024-02-14T12:06:56+00:00\",\"description\":\"Galeria MM Hunters - zobacz na zdj\u0119ciach jak wygl\u0105da polowanie, kt\u00f3re oferujemy. Zapraszamy do zapoznania si\u0119 z nasz\u0105 ofert\u0105.\",\"breadcrumb\":{\"@id\":\"https:\\\/\\\/mmhunters.pl\\\/galeria\\\/#breadcrumb\"},\"inLanguage\":\"en-US\",\"potentialAction\":[{\"@type\":\"ReadAction\",\"target\":[\"https:\\\/\\\/mmhunters.pl\\\/galeria\\\/\"]}]},{\"@type\":\"ImageObject\",\"inLanguage\":\"en-US\",\"@id\":\"https:\\\/\\\/mmhunters.pl\\\/galeria\\\/#primaryimage\",\"url\":\"http:\\\/\\\/mmhunters.pl\\\/wp-content\\\/uploads\\\/2024\\\/02\\\/d.jpg\",\"contentUrl\":\"http:\\\/\\\/mmhunters.pl\\\/wp-content\\\/uploads\\\/2024\\\/02\\\/d.jpg\"},{\"@type\":\"BreadcrumbList\",\"@id\":\"https:\\\/\\\/mmhunters.pl\\\/galeria\\\/#breadcrumb\",\"itemListElement\":[{\"@type\":\"ListItem\",\"position\":1,\"name\":\"Strona g\u0142\u00f3wna\",\"item\":\"https:\\\/\\\/mmhunters.pl\\\/\"},{\"@type\":\"ListItem\",\"position\":2,\"name\":\"Galeria\"}]},{\"@type\":\"WebSite\",\"@id\":\"https:\\\/\\\/mmhunters.pl\\\/#website\",\"url\":\"https:\\\/\\\/mmhunters.pl\\\/\",\"name\":\"MM HUNTERS\",\"description\":\"Wszystko po to, aby zapewni\u0107 naszym klientom najlepsze mo\u017cliwe do\u015bwiadczenia.\",\"publisher\":{\"@id\":\"https:\\\/\\\/mmhunters.pl\\\/#organization\"},\"potentialAction\":[{\"@type\":\"SearchAction\",\"target\":{\"@type\":\"EntryPoint\",\"urlTemplate\":\"https:\\\/\\\/mmhunters.pl\\\/?s={search_term_string}\"},\"query-input\":{\"@type\":\"PropertyValueSpecification\",\"valueRequired\":true,\"valueName\":\"search_term_string\"}}],\"inLanguage\":\"en-US\"},{\"@type\":\"Organization\",\"@id\":\"https:\\\/\\\/mmhunters.pl\\\/#organization\",\"name\":\"MM HUNTERS\",\"url\":\"https:\\\/\\\/mmhunters.pl\\\/\",\"logo\":{\"@type\":\"ImageObject\",\"inLanguage\":\"en-US\",\"@id\":\"https:\\\/\\\/mmhunters.pl\\\/#\\\/schema\\\/logo\\\/image\\\/\",\"url\":\"https:\\\/\\\/mmhunters.pl\\\/wp-content\\\/uploads\\\/2024\\\/02\\\/MM-HUNTERS-PNG-BEZ-TLA.png\",\"contentUrl\":\"https:\\\/\\\/mmhunters.pl\\\/wp-content\\\/uploads\\\/2024\\\/02\\\/MM-HUNTERS-PNG-BEZ-TLA.png\",\"width\":1563,\"height\":1563,\"caption\":\"MM HUNTERS\"},\"image\":{\"@id\":\"https:\\\/\\\/mmhunters.pl\\\/#\\\/schema\\\/logo\\\/image\\\/\"},\"sameAs\":[\"https:\\\/\\\/www.facebook.com\\\/profile.php?id=100057105744226\"]}]}<\/script>\n<!-- \/ Yoast SEO plugin. -->","yoast_head_json":{"title":"Gallery - MM HUNTERS","robots":{"index":"index","follow":"follow","max-snippet":"max-snippet:-1","max-image-preview":"max-image-preview:large","max-video-preview":"max-video-preview:-1"},"canonical":"https:\/\/mmhunters.pl\/galeria\/","og_locale":"en_US","og_type":"article","og_title":"Gallery - MM HUNTERS","og_url":"https:\/\/mmhunters.pl\/galeria\/","og_site_name":"MM HUNTERS","article_publisher":"https:\/\/www.facebook.com\/profile.php?id=100057105744226","article_modified_time":"2024-02-14T12:06:56+00:00","og_image":[{"url":"http:\/\/mmhunters.pl\/wp-content\/uploads\/2024\/02\/d.jpg","type":"","width":"","height":""}],"twitter_card":"summary_large_image","twitter_misc":{"Est. reading time":"8 minutes"},"schema":{"@context":"https:\/\/schema.org","@graph":[{"@type":"WebPage","@id":"https:\/\/mmhunters.pl\/galeria\/","url":"https:\/\/mmhunters.pl\/galeria\/","name":"Gallery - MM HUNTERS","isPartOf":{"@id":"https:\/\/mmhunters.pl\/#website"},"primaryImageOfPage":{"@id":"https:\/\/mmhunters.pl\/galeria\/#primaryimage"},"image":{"@id":"https:\/\/mmhunters.pl\/galeria\/#primaryimage"},"thumbnailUrl":"http:\/\/mmhunters.pl\/wp-content\/uploads\/2024\/02\/d.jpg","datePublished":"2024-02-07T09:24:09+00:00","dateModified":"2024-02-14T12:06:56+00:00","description":"Galeria MM Hunters - zobacz na zdj\u0119ciach jak wygl\u0105da polowanie, kt\u00f3re oferujemy. Zapraszamy do zapoznania si\u0119 z nasz\u0105 ofert\u0105.","breadcrumb":{"@id":"https:\/\/mmhunters.pl\/galeria\/#breadcrumb"},"inLanguage":"en-US","potentialAction":[{"@type":"ReadAction","target":["https:\/\/mmhunters.pl\/galeria\/"]}]},{"@type":"ImageObject","inLanguage":"en-US","@id":"https:\/\/mmhunters.pl\/galeria\/#primaryimage","url":"http:\/\/mmhunters.pl\/wp-content\/uploads\/2024\/02\/d.jpg","contentUrl":"http:\/\/mmhunters.pl\/wp-content\/uploads\/2024\/02\/d.jpg"},{"@type":"BreadcrumbList","@id":"https:\/\/mmhunters.pl\/galeria\/#breadcrumb","itemListElement":[{"@type":"ListItem","position":1,"name":"Strona g\u0142\u00f3wna","item":"https:\/\/mmhunters.pl\/"},{"@type":"ListItem","position":2,"name":"Galeria"}]},{"@type":"WebSite","@id":"https:\/\/mmhunters.pl\/#website","url":"https:\/\/mmhunters.pl\/","name":"MM HUNTERS","description":"Wszystko po to, aby zapewni\u0107 naszym klientom najlepsze mo\u017cliwe do\u015bwiadczenia.","publisher":{"@id":"https:\/\/mmhunters.pl\/#organization"},"potentialAction":[{"@type":"SearchAction","target":{"@type":"EntryPoint","urlTemplate":"https:\/\/mmhunters.pl\/?s={search_term_string}"},"query-input":{"@type":"PropertyValueSpecification","valueRequired":true,"valueName":"search_term_string"}}],"inLanguage":"en-US"},{"@type":"Organization","@id":"https:\/\/mmhunters.pl\/#organization","name":"MM HUNTERS","url":"https:\/\/mmhunters.pl\/","logo":{"@type":"ImageObject","inLanguage":"en-US","@id":"https:\/\/mmhunters.pl\/#\/schema\/logo\/image\/","url":"https:\/\/mmhunters.pl\/wp-content\/uploads\/2024\/02\/MM-HUNTERS-PNG-BEZ-TLA.png","contentUrl":"https:\/\/mmhunters.pl\/wp-content\/uploads\/2024\/02\/MM-HUNTERS-PNG-BEZ-TLA.png","width":1563,"height":1563,"caption":"MM HUNTERS"},"image":{"@id":"https:\/\/mmhunters.pl\/#\/schema\/logo\/image\/"},"sameAs":["https:\/\/www.facebook.com\/profile.php?id=100057105744226"]}]}},"_links":{"self":[{"href":"https:\/\/mmhunters.pl\/en\/wp-json\/wp\/v2\/pages\/572","targetHints":{"allow":["GET"]}}],"collection":[{"href":"https:\/\/mmhunters.pl\/en\/wp-json\/wp\/v2\/pages"}],"about":[{"href":"https:\/\/mmhunters.pl\/en\/wp-json\/wp\/v2\/types\/page"}],"author":[{"embeddable":true,"href":"https:\/\/mmhunters.pl\/en\/wp-json\/wp\/v2\/users\/1"}],"replies":[{"embeddable":true,"href":"https:\/\/mmhunters.pl\/en\/wp-json\/wp\/v2\/comments?post=572"}],"version-history":[{"count":25,"href":"https:\/\/mmhunters.pl\/en\/wp-json\/wp\/v2\/pages\/572\/revisions"}],"predecessor-version":[{"id":896,"href":"https:\/\/mmhunters.pl\/en\/wp-json\/wp\/v2\/pages\/572\/revisions\/896"}],"wp:attachment":[{"href":"https:\/\/mmhunters.pl\/en\/wp-json\/wp\/v2\/media?parent=572"}],"curies":[{"name":"wp","href":"https:\/\/api.w.org\/{rel}","templated":true}]}}