{"id":430,"date":"2024-02-05T11:52:14","date_gmt":"2024-02-05T10:52:14","guid":{"rendered":"http:\/\/mmhunters.pl\/?page_id=430"},"modified":"2024-02-14T09:55:19","modified_gmt":"2024-02-14T08:55:19","slug":"firma-mm-hunters","status":"publish","type":"page","link":"https:\/\/mmhunters.pl\/en\/firma-mm-hunters\/","title":{"rendered":"The company"},"content":{"rendered":"\n<div id=\"wp-block-themeisle-blocks-advanced-columns-6905983a\" class=\"wp-block-themeisle-blocks-advanced-columns alignfull has-1-columns has-desktop-equal-layout has-tablet-equal-layout has-mobile-equal-layout has-vertical-unset\"><div class=\"wp-block-themeisle-blocks-advanced-columns-overlay\"><\/div><div class=\"innerblocks-wrap\">\n<div id=\"wp-block-themeisle-blocks-advanced-column-0c287275\" class=\"wp-block-themeisle-blocks-advanced-column\">\n<h1 class=\"wp-block-heading has-text-align-center has-white-color has-text-color\">The company<\/h1>\n\n\n\n<hr class=\"wp-block-separator has-text-color has-neve-button-color-color has-css-opacity has-neve-button-color-background-color has-background\"\/>\n<\/div>\n<\/div><\/div>\n\n\n\n<div id=\"wp-block-themeisle-blocks-advanced-columns-aac5f012\" class=\"wp-block-themeisle-blocks-advanced-columns alignfull has-1-columns has-desktop-equal-layout has-tablet-equal-layout has-mobile-collapsedRows-layout has-vertical-top has-light-bg animated fadeInUp\"><div class=\"wp-block-themeisle-blocks-advanced-columns-overlay\"><\/div><div class=\"innerblocks-wrap\">\n<div id=\"wp-block-themeisle-blocks-advanced-column-22012e13\" class=\"wp-block-themeisle-blocks-advanced-column\">\n<p class=\"has-medium-font-size\" style=\"letter-spacing:2px\">The company MM Hunters was established with hunters in mind who wish to hunt in Poland. We collaborate with many reputable hunting clubs.All of this is to ensure the best possible experiences for our clients. Our greatest success is when hunters return satisfied with their trophies, obtained with respect for tradition and ethics. We are proud of our customer-tailored offer, which allows our guests to enjoy the passion of hunting.\u00a0<\/p>\n\n\n\n<p><\/p>\n<\/div>\n<\/div><\/div>\n","protected":false},"excerpt":{"rendered":"","protected":false},"author":1,"featured_media":0,"parent":0,"menu_order":0,"comment_status":"closed","ping_status":"closed","template":"","meta":{"neve_meta_sidebar":"full-width","neve_meta_container":"full-width","neve_meta_enable_content_width":"on","neve_meta_content_width":100,"neve_meta_title_alignment":"","neve_meta_author_avatar":"","neve_post_elements_order":"","neve_meta_disable_header":"off","neve_meta_disable_footer":"","neve_meta_disable_title":"on","_themeisle_gutenberg_block_has_review":false,"_ti_tpc_template_sync":false,"_ti_tpc_template_id":"","footnotes":""},"class_list":["post-430","page","type-page","status-publish","hentry"],"translation":{"provider":"WPGlobus","version":"3.0.2","language":"en","enabled_languages":["pl","en","de","fr"],"languages":{"pl":{"title":true,"content":true,"excerpt":false},"en":{"title":true,"content":true,"excerpt":false},"de":{"title":true,"content":true,"excerpt":false},"fr":{"title":true,"content":true,"excerpt":false}}},"yoast_head":"<!-- This site is optimized with the Yoast SEO plugin v27.4 - https:\/\/yoast.com\/product\/yoast-seo-wordpress\/ -->\n<title>The company - MM HUNTERS<\/title>\n<meta name=\"robots\" content=\"index, follow, max-snippet:-1, max-image-preview:large, max-video-preview:-1\" \/>\n<link rel=\"canonical\" href=\"https:\/\/mmhunters.pl\/firma-mm-hunters\/\" \/>\n<meta property=\"og:locale\" content=\"en_US\" \/>\n<meta property=\"og:type\" content=\"article\" \/>\n<meta property=\"og:title\" content=\"The company - MM HUNTERS\" \/>\n<meta property=\"og:url\" content=\"https:\/\/mmhunters.pl\/firma-mm-hunters\/\" \/>\n<meta property=\"og:site_name\" content=\"MM HUNTERS\" \/>\n<meta property=\"article:publisher\" content=\"https:\/\/www.facebook.com\/profile.php?id=100057105744226\" \/>\n<meta property=\"article:modified_time\" content=\"2024-02-14T08:55:19+00:00\" \/>\n<meta name=\"twitter:card\" content=\"summary_large_image\" \/>\n<meta name=\"twitter:label1\" content=\"Est. reading time\" \/>\n\t<meta name=\"twitter:data1\" content=\"1 minute\" \/>\n<script type=\"application\/ld+json\" class=\"yoast-schema-graph\">{\"@context\":\"https:\\\/\\\/schema.org\",\"@graph\":[{\"@type\":\"WebPage\",\"@id\":\"https:\\\/\\\/mmhunters.pl\\\/firma-mm-hunters\\\/\",\"url\":\"https:\\\/\\\/mmhunters.pl\\\/firma-mm-hunters\\\/\",\"name\":\"The company - MM HUNTERS\",\"isPartOf\":{\"@id\":\"https:\\\/\\\/mmhunters.pl\\\/#website\"},\"datePublished\":\"2024-02-05T10:52:14+00:00\",\"dateModified\":\"2024-02-14T08:55:19+00:00\",\"description\":\"Firma MM Hunters - naszym najwi\u0119kszym sukcesem jest, to kiedy my\u015bliwi wracaj\u0105 zadowoleni ze swoimi trofeami.\",\"breadcrumb\":{\"@id\":\"https:\\\/\\\/mmhunters.pl\\\/firma-mm-hunters\\\/#breadcrumb\"},\"inLanguage\":\"en-US\",\"potentialAction\":[{\"@type\":\"ReadAction\",\"target\":[\"https:\\\/\\\/mmhunters.pl\\\/firma-mm-hunters\\\/\"]}]},{\"@type\":\"BreadcrumbList\",\"@id\":\"https:\\\/\\\/mmhunters.pl\\\/firma-mm-hunters\\\/#breadcrumb\",\"itemListElement\":[{\"@type\":\"ListItem\",\"position\":1,\"name\":\"Strona g\u0142\u00f3wna\",\"item\":\"https:\\\/\\\/mmhunters.pl\\\/\"},{\"@type\":\"ListItem\",\"position\":2,\"name\":\"Firma MM Hunters\"}]},{\"@type\":\"WebSite\",\"@id\":\"https:\\\/\\\/mmhunters.pl\\\/#website\",\"url\":\"https:\\\/\\\/mmhunters.pl\\\/\",\"name\":\"MM HUNTERS\",\"description\":\"Wszystko po to, aby zapewni\u0107 naszym klientom najlepsze mo\u017cliwe do\u015bwiadczenia.\",\"publisher\":{\"@id\":\"https:\\\/\\\/mmhunters.pl\\\/#organization\"},\"potentialAction\":[{\"@type\":\"SearchAction\",\"target\":{\"@type\":\"EntryPoint\",\"urlTemplate\":\"https:\\\/\\\/mmhunters.pl\\\/?s={search_term_string}\"},\"query-input\":{\"@type\":\"PropertyValueSpecification\",\"valueRequired\":true,\"valueName\":\"search_term_string\"}}],\"inLanguage\":\"en-US\"},{\"@type\":\"Organization\",\"@id\":\"https:\\\/\\\/mmhunters.pl\\\/#organization\",\"name\":\"MM HUNTERS\",\"url\":\"https:\\\/\\\/mmhunters.pl\\\/\",\"logo\":{\"@type\":\"ImageObject\",\"inLanguage\":\"en-US\",\"@id\":\"https:\\\/\\\/mmhunters.pl\\\/#\\\/schema\\\/logo\\\/image\\\/\",\"url\":\"https:\\\/\\\/mmhunters.pl\\\/wp-content\\\/uploads\\\/2024\\\/02\\\/MM-HUNTERS-PNG-BEZ-TLA.png\",\"contentUrl\":\"https:\\\/\\\/mmhunters.pl\\\/wp-content\\\/uploads\\\/2024\\\/02\\\/MM-HUNTERS-PNG-BEZ-TLA.png\",\"width\":1563,\"height\":1563,\"caption\":\"MM HUNTERS\"},\"image\":{\"@id\":\"https:\\\/\\\/mmhunters.pl\\\/#\\\/schema\\\/logo\\\/image\\\/\"},\"sameAs\":[\"https:\\\/\\\/www.facebook.com\\\/profile.php?id=100057105744226\"]}]}<\/script>\n<!-- \/ Yoast SEO plugin. -->","yoast_head_json":{"title":"The company - MM HUNTERS","robots":{"index":"index","follow":"follow","max-snippet":"max-snippet:-1","max-image-preview":"max-image-preview:large","max-video-preview":"max-video-preview:-1"},"canonical":"https:\/\/mmhunters.pl\/firma-mm-hunters\/","og_locale":"en_US","og_type":"article","og_title":"The company - MM HUNTERS","og_url":"https:\/\/mmhunters.pl\/firma-mm-hunters\/","og_site_name":"MM HUNTERS","article_publisher":"https:\/\/www.facebook.com\/profile.php?id=100057105744226","article_modified_time":"2024-02-14T08:55:19+00:00","twitter_card":"summary_large_image","twitter_misc":{"Est. reading time":"1 minute"},"schema":{"@context":"https:\/\/schema.org","@graph":[{"@type":"WebPage","@id":"https:\/\/mmhunters.pl\/firma-mm-hunters\/","url":"https:\/\/mmhunters.pl\/firma-mm-hunters\/","name":"The company - MM HUNTERS","isPartOf":{"@id":"https:\/\/mmhunters.pl\/#website"},"datePublished":"2024-02-05T10:52:14+00:00","dateModified":"2024-02-14T08:55:19+00:00","description":"Firma MM Hunters - naszym najwi\u0119kszym sukcesem jest, to kiedy my\u015bliwi wracaj\u0105 zadowoleni ze swoimi trofeami.","breadcrumb":{"@id":"https:\/\/mmhunters.pl\/firma-mm-hunters\/#breadcrumb"},"inLanguage":"en-US","potentialAction":[{"@type":"ReadAction","target":["https:\/\/mmhunters.pl\/firma-mm-hunters\/"]}]},{"@type":"BreadcrumbList","@id":"https:\/\/mmhunters.pl\/firma-mm-hunters\/#breadcrumb","itemListElement":[{"@type":"ListItem","position":1,"name":"Strona g\u0142\u00f3wna","item":"https:\/\/mmhunters.pl\/"},{"@type":"ListItem","position":2,"name":"Firma MM Hunters"}]},{"@type":"WebSite","@id":"https:\/\/mmhunters.pl\/#website","url":"https:\/\/mmhunters.pl\/","name":"MM HUNTERS","description":"Wszystko po to, aby zapewni\u0107 naszym klientom najlepsze mo\u017cliwe do\u015bwiadczenia.","publisher":{"@id":"https:\/\/mmhunters.pl\/#organization"},"potentialAction":[{"@type":"SearchAction","target":{"@type":"EntryPoint","urlTemplate":"https:\/\/mmhunters.pl\/?s={search_term_string}"},"query-input":{"@type":"PropertyValueSpecification","valueRequired":true,"valueName":"search_term_string"}}],"inLanguage":"en-US"},{"@type":"Organization","@id":"https:\/\/mmhunters.pl\/#organization","name":"MM HUNTERS","url":"https:\/\/mmhunters.pl\/","logo":{"@type":"ImageObject","inLanguage":"en-US","@id":"https:\/\/mmhunters.pl\/#\/schema\/logo\/image\/","url":"https:\/\/mmhunters.pl\/wp-content\/uploads\/2024\/02\/MM-HUNTERS-PNG-BEZ-TLA.png","contentUrl":"https:\/\/mmhunters.pl\/wp-content\/uploads\/2024\/02\/MM-HUNTERS-PNG-BEZ-TLA.png","width":1563,"height":1563,"caption":"MM HUNTERS"},"image":{"@id":"https:\/\/mmhunters.pl\/#\/schema\/logo\/image\/"},"sameAs":["https:\/\/www.facebook.com\/profile.php?id=100057105744226"]}]}},"_links":{"self":[{"href":"https:\/\/mmhunters.pl\/en\/wp-json\/wp\/v2\/pages\/430","targetHints":{"allow":["GET"]}}],"collection":[{"href":"https:\/\/mmhunters.pl\/en\/wp-json\/wp\/v2\/pages"}],"about":[{"href":"https:\/\/mmhunters.pl\/en\/wp-json\/wp\/v2\/types\/page"}],"author":[{"embeddable":true,"href":"https:\/\/mmhunters.pl\/en\/wp-json\/wp\/v2\/users\/1"}],"replies":[{"embeddable":true,"href":"https:\/\/mmhunters.pl\/en\/wp-json\/wp\/v2\/comments?post=430"}],"version-history":[{"count":42,"href":"https:\/\/mmhunters.pl\/en\/wp-json\/wp\/v2\/pages\/430\/revisions"}],"predecessor-version":[{"id":899,"href":"https:\/\/mmhunters.pl\/en\/wp-json\/wp\/v2\/pages\/430\/revisions\/899"}],"wp:attachment":[{"href":"https:\/\/mmhunters.pl\/en\/wp-json\/wp\/v2\/media?parent=430"}],"curies":[{"name":"wp","href":"https:\/\/api.w.org\/{rel}","templated":true}]}}