{"id":714,"date":"2024-02-07T15:31:53","date_gmt":"2024-02-07T14:31:53","guid":{"rendered":"http:\/\/mmhunters.pl\/?page_id=714"},"modified":"2024-02-14T21:18:39","modified_gmt":"2024-02-14T20:18:39","slug":"polowanie-na-zwierzyne-nietrofealna","status":"publish","type":"page","link":"https:\/\/mmhunters.pl\/de\/oferty\/polowanie-na-zwierzyne-nietrofealna\/","title":{"rendered":"Einzeljagd"},"content":{"rendered":"\n<div id=\"wp-block-themeisle-blocks-advanced-columns-6d39dfb0\" class=\"wp-block-themeisle-blocks-advanced-columns alignfull has-1-columns has-desktop-equal-layout has-tablet-equal-layout has-mobile-equal-layout has-vertical-unset\"><div class=\"wp-block-themeisle-blocks-advanced-columns-overlay\"><\/div><div class=\"innerblocks-wrap\">\n<div id=\"wp-block-themeisle-blocks-advanced-column-d08a6c6d\" class=\"wp-block-themeisle-blocks-advanced-column\">\n<h1 class=\"wp-block-heading has-text-align-center has-nv-text-dark-bg-color has-text-color\">Einzeljagd<\/h1>\n\n\n\n<hr class=\"wp-block-separator has-text-color has-neve-button-color-color has-css-opacity has-neve-button-color-background-color has-background\"\/>\n<\/div>\n<\/div><\/div>\n\n\n\n<div id=\"wp-block-themeisle-blocks-advanced-columns-aac5f012\" class=\"wp-block-themeisle-blocks-advanced-columns alignfull has-1-columns has-desktop-oneTwo-layout has-tablet-equal-layout has-mobile-collapsedRows-layout has-vertical-top has-light-bg\"><div class=\"wp-block-themeisle-blocks-advanced-columns-overlay\"><\/div><div class=\"innerblocks-wrap\">\n<div id=\"wp-block-themeisle-blocks-advanced-column-22012e13\" class=\"wp-block-themeisle-blocks-advanced-column\">\n<div class=\"wp-block-columns is-layout-flex wp-container-core-columns-is-layout-9d6595d7 wp-block-columns-is-layout-flex\">\n<div class=\"wp-block-column is-vertically-aligned-stretch is-layout-flow wp-block-column-is-layout-flow\" style=\"flex-basis:33.33%\">\n<div class=\"wp-block-cover animated fadeInLeft delay-200ms wp-duotone-unset-1\" style=\"border-radius:0px;border-top-color:var(--wp--preset--color--neve-link-color);border-top-style:none;border-top-width:0px;border-right-color:var(--wp--preset--color--neve-link-color);border-right-width:14px;border-bottom-color:var(--wp--preset--color--neve-link-color);border-bottom-width:14px;border-left-color:var(--wp--preset--color--neve-link-color);border-left-style:none;border-left-width:0px;padding-top:0;padding-bottom:0\"><span aria-hidden=\"true\" class=\"wp-block-cover__background has-background-dim-10 has-background-dim\"><\/span><img loading=\"lazy\" decoding=\"async\" width=\"4175\" height=\"4985\" class=\"wp-block-cover__image-background wp-image-715\" alt=\"\" src=\"http:\/\/mmhunters.pl\/wp-content\/uploads\/2024\/02\/nietrofealna-1.jpg\" data-object-fit=\"cover\"\/><div class=\"wp-block-cover__inner-container is-layout-constrained wp-block-cover-is-layout-constrained\">\n<p class=\"has-text-align-center has-large-font-size\"><\/p>\n<\/div><\/div>\n<\/div>\n\n\n\n<div class=\"wp-block-column animated fadeInRight is-layout-flow wp-block-column-is-layout-flow\" style=\"flex-basis:66.66%\">\n<h2 class=\"wp-block-heading\"><strong><strong><strong><strong><strong><strong><strong><strong>Wild ohne Troph\u00e4e<\/strong><\/strong><\/strong><\/strong><\/strong><\/strong><\/strong><\/strong><\/h2>\n\n\n\n<p>Jagd auf Hirsche (Tier, Kalb), Damhirsche (Tier, Kalb), Rehe (Ricke, Bock) und Wildschweine.<\/p>\n\n\n\n<p>In unserem Gebiet gibt es eine gro\u00dfe Population der oben genannten Tiere. Suchen Sie eine billigere<\/p>\n\n\n\n<p>Alternative als die Jagd auf? Wenn ja, dann ist die Jagd f\u00fcr Sie. Sie wird jedes Jahr immer beliebter.<\/p>\n\n\n\n<p>Wir empfehlen zwei- bis viert\u00e4gige Jagd, die 4 bis 8 Ausfl\u00fcge zu einem Jagdrevier umfasst.<\/p>\n\n\n\n<p>Eine ideale Wochenendjagd.<\/p>\n<\/div>\n<\/div>\n<\/div>\n<\/div><\/div>\n","protected":false},"excerpt":{"rendered":"","protected":false},"author":1,"featured_media":0,"parent":515,"menu_order":0,"comment_status":"closed","ping_status":"closed","template":"","meta":{"neve_meta_sidebar":"","neve_meta_container":"","neve_meta_enable_content_width":"","neve_meta_content_width":0,"neve_meta_title_alignment":"","neve_meta_author_avatar":"","neve_post_elements_order":"","neve_meta_disable_header":"","neve_meta_disable_footer":"","neve_meta_disable_title":"on","_themeisle_gutenberg_block_has_review":false,"_ti_tpc_template_sync":false,"_ti_tpc_template_id":"","footnotes":""},"class_list":["post-714","page","type-page","status-publish","hentry"],"translation":{"provider":"WPGlobus","version":"3.0.2","language":"de","enabled_languages":["pl","en","de","fr"],"languages":{"pl":{"title":true,"content":true,"excerpt":false},"en":{"title":true,"content":true,"excerpt":false},"de":{"title":true,"content":true,"excerpt":false},"fr":{"title":true,"content":true,"excerpt":false}}},"yoast_head":"<!-- This site is optimized with the Yoast SEO plugin v27.4 - https:\/\/yoast.com\/product\/yoast-seo-wordpress\/ -->\n<title>Einzeljagd - MM HUNTERS<\/title>\n<meta name=\"robots\" content=\"index, follow, max-snippet:-1, max-image-preview:large, max-video-preview:-1\" \/>\n<link rel=\"canonical\" href=\"https:\/\/mmhunters.pl\/oferty\/polowanie-na-zwierzyne-nietrofealna\/\" \/>\n<meta property=\"og:locale\" content=\"de_DE\" \/>\n<meta property=\"og:type\" content=\"article\" \/>\n<meta property=\"og:title\" content=\"Einzeljagd - MM HUNTERS\" \/>\n<meta property=\"og:url\" content=\"https:\/\/mmhunters.pl\/oferty\/polowanie-na-zwierzyne-nietrofealna\/\" \/>\n<meta property=\"og:site_name\" content=\"MM HUNTERS\" \/>\n<meta property=\"article:publisher\" content=\"https:\/\/www.facebook.com\/profile.php?id=100057105744226\" \/>\n<meta property=\"article:modified_time\" content=\"2024-02-14T20:18:39+00:00\" \/>\n<meta property=\"og:image\" content=\"http:\/\/mmhunters.pl\/wp-content\/uploads\/2024\/02\/nietrofealna-1.jpg\" \/>\n<meta name=\"twitter:card\" content=\"summary_large_image\" \/>\n<meta name=\"twitter:label1\" content=\"Est. reading time\" \/>\n\t<meta name=\"twitter:data1\" content=\"1 minute\" \/>\n<script type=\"application\/ld+json\" class=\"yoast-schema-graph\">{\"@context\":\"https:\\\/\\\/schema.org\",\"@graph\":[{\"@type\":\"WebPage\",\"@id\":\"https:\\\/\\\/mmhunters.pl\\\/oferty\\\/polowanie-na-zwierzyne-nietrofealna\\\/\",\"url\":\"https:\\\/\\\/mmhunters.pl\\\/oferty\\\/polowanie-na-zwierzyne-nietrofealna\\\/\",\"name\":\"Einzeljagd - MM HUNTERS\",\"isPartOf\":{\"@id\":\"https:\\\/\\\/mmhunters.pl\\\/#website\"},\"primaryImageOfPage\":{\"@id\":\"https:\\\/\\\/mmhunters.pl\\\/oferty\\\/polowanie-na-zwierzyne-nietrofealna\\\/#primaryimage\"},\"image\":{\"@id\":\"https:\\\/\\\/mmhunters.pl\\\/oferty\\\/polowanie-na-zwierzyne-nietrofealna\\\/#primaryimage\"},\"thumbnailUrl\":\"http:\\\/\\\/mmhunters.pl\\\/wp-content\\\/uploads\\\/2024\\\/02\\\/nietrofealna-1.jpg\",\"datePublished\":\"2024-02-07T14:31:53+00:00\",\"dateModified\":\"2024-02-14T20:18:39+00:00\",\"breadcrumb\":{\"@id\":\"https:\\\/\\\/mmhunters.pl\\\/oferty\\\/polowanie-na-zwierzyne-nietrofealna\\\/#breadcrumb\"},\"inLanguage\":\"de-DE\",\"potentialAction\":[{\"@type\":\"ReadAction\",\"target\":[\"https:\\\/\\\/mmhunters.pl\\\/oferty\\\/polowanie-na-zwierzyne-nietrofealna\\\/\"]}]},{\"@type\":\"ImageObject\",\"inLanguage\":\"de-DE\",\"@id\":\"https:\\\/\\\/mmhunters.pl\\\/oferty\\\/polowanie-na-zwierzyne-nietrofealna\\\/#primaryimage\",\"url\":\"http:\\\/\\\/mmhunters.pl\\\/wp-content\\\/uploads\\\/2024\\\/02\\\/nietrofealna-1.jpg\",\"contentUrl\":\"http:\\\/\\\/mmhunters.pl\\\/wp-content\\\/uploads\\\/2024\\\/02\\\/nietrofealna-1.jpg\"},{\"@type\":\"BreadcrumbList\",\"@id\":\"https:\\\/\\\/mmhunters.pl\\\/oferty\\\/polowanie-na-zwierzyne-nietrofealna\\\/#breadcrumb\",\"itemListElement\":[{\"@type\":\"ListItem\",\"position\":1,\"name\":\"Strona g\u0142\u00f3wna\",\"item\":\"https:\\\/\\\/mmhunters.pl\\\/\"},{\"@type\":\"ListItem\",\"position\":2,\"name\":\"Oferty\",\"item\":\"https:\\\/\\\/mmhunters.pl\\\/oferty\\\/\"},{\"@type\":\"ListItem\",\"position\":3,\"name\":\"Polowanie na zwierzyn\u0119 nietrofealn\u0105\"}]},{\"@type\":\"WebSite\",\"@id\":\"https:\\\/\\\/mmhunters.pl\\\/#website\",\"url\":\"https:\\\/\\\/mmhunters.pl\\\/\",\"name\":\"MM HUNTERS\",\"description\":\"Wszystko po to, aby zapewni\u0107 naszym klientom najlepsze mo\u017cliwe do\u015bwiadczenia.\",\"publisher\":{\"@id\":\"https:\\\/\\\/mmhunters.pl\\\/#organization\"},\"potentialAction\":[{\"@type\":\"SearchAction\",\"target\":{\"@type\":\"EntryPoint\",\"urlTemplate\":\"https:\\\/\\\/mmhunters.pl\\\/?s={search_term_string}\"},\"query-input\":{\"@type\":\"PropertyValueSpecification\",\"valueRequired\":true,\"valueName\":\"search_term_string\"}}],\"inLanguage\":\"de-DE\"},{\"@type\":\"Organization\",\"@id\":\"https:\\\/\\\/mmhunters.pl\\\/#organization\",\"name\":\"MM HUNTERS\",\"url\":\"https:\\\/\\\/mmhunters.pl\\\/\",\"logo\":{\"@type\":\"ImageObject\",\"inLanguage\":\"de-DE\",\"@id\":\"https:\\\/\\\/mmhunters.pl\\\/#\\\/schema\\\/logo\\\/image\\\/\",\"url\":\"https:\\\/\\\/mmhunters.pl\\\/wp-content\\\/uploads\\\/2024\\\/02\\\/MM-HUNTERS-PNG-BEZ-TLA.png\",\"contentUrl\":\"https:\\\/\\\/mmhunters.pl\\\/wp-content\\\/uploads\\\/2024\\\/02\\\/MM-HUNTERS-PNG-BEZ-TLA.png\",\"width\":1563,\"height\":1563,\"caption\":\"MM HUNTERS\"},\"image\":{\"@id\":\"https:\\\/\\\/mmhunters.pl\\\/#\\\/schema\\\/logo\\\/image\\\/\"},\"sameAs\":[\"https:\\\/\\\/www.facebook.com\\\/profile.php?id=100057105744226\"]}]}<\/script>\n<!-- \/ Yoast SEO plugin. -->","yoast_head_json":{"title":"Einzeljagd - MM HUNTERS","robots":{"index":"index","follow":"follow","max-snippet":"max-snippet:-1","max-image-preview":"max-image-preview:large","max-video-preview":"max-video-preview:-1"},"canonical":"https:\/\/mmhunters.pl\/oferty\/polowanie-na-zwierzyne-nietrofealna\/","og_locale":"de_DE","og_type":"article","og_title":"Einzeljagd - MM HUNTERS","og_url":"https:\/\/mmhunters.pl\/oferty\/polowanie-na-zwierzyne-nietrofealna\/","og_site_name":"MM HUNTERS","article_publisher":"https:\/\/www.facebook.com\/profile.php?id=100057105744226","article_modified_time":"2024-02-14T20:18:39+00:00","og_image":[{"url":"http:\/\/mmhunters.pl\/wp-content\/uploads\/2024\/02\/nietrofealna-1.jpg","type":"","width":"","height":""}],"twitter_card":"summary_large_image","twitter_misc":{"Est. reading time":"1 minute"},"schema":{"@context":"https:\/\/schema.org","@graph":[{"@type":"WebPage","@id":"https:\/\/mmhunters.pl\/oferty\/polowanie-na-zwierzyne-nietrofealna\/","url":"https:\/\/mmhunters.pl\/oferty\/polowanie-na-zwierzyne-nietrofealna\/","name":"Einzeljagd - MM HUNTERS","isPartOf":{"@id":"https:\/\/mmhunters.pl\/#website"},"primaryImageOfPage":{"@id":"https:\/\/mmhunters.pl\/oferty\/polowanie-na-zwierzyne-nietrofealna\/#primaryimage"},"image":{"@id":"https:\/\/mmhunters.pl\/oferty\/polowanie-na-zwierzyne-nietrofealna\/#primaryimage"},"thumbnailUrl":"http:\/\/mmhunters.pl\/wp-content\/uploads\/2024\/02\/nietrofealna-1.jpg","datePublished":"2024-02-07T14:31:53+00:00","dateModified":"2024-02-14T20:18:39+00:00","breadcrumb":{"@id":"https:\/\/mmhunters.pl\/oferty\/polowanie-na-zwierzyne-nietrofealna\/#breadcrumb"},"inLanguage":"de-DE","potentialAction":[{"@type":"ReadAction","target":["https:\/\/mmhunters.pl\/oferty\/polowanie-na-zwierzyne-nietrofealna\/"]}]},{"@type":"ImageObject","inLanguage":"de-DE","@id":"https:\/\/mmhunters.pl\/oferty\/polowanie-na-zwierzyne-nietrofealna\/#primaryimage","url":"http:\/\/mmhunters.pl\/wp-content\/uploads\/2024\/02\/nietrofealna-1.jpg","contentUrl":"http:\/\/mmhunters.pl\/wp-content\/uploads\/2024\/02\/nietrofealna-1.jpg"},{"@type":"BreadcrumbList","@id":"https:\/\/mmhunters.pl\/oferty\/polowanie-na-zwierzyne-nietrofealna\/#breadcrumb","itemListElement":[{"@type":"ListItem","position":1,"name":"Strona g\u0142\u00f3wna","item":"https:\/\/mmhunters.pl\/"},{"@type":"ListItem","position":2,"name":"Oferty","item":"https:\/\/mmhunters.pl\/oferty\/"},{"@type":"ListItem","position":3,"name":"Polowanie na zwierzyn\u0119 nietrofealn\u0105"}]},{"@type":"WebSite","@id":"https:\/\/mmhunters.pl\/#website","url":"https:\/\/mmhunters.pl\/","name":"MM HUNTERS","description":"Wszystko po to, aby zapewni\u0107 naszym klientom najlepsze mo\u017cliwe do\u015bwiadczenia.","publisher":{"@id":"https:\/\/mmhunters.pl\/#organization"},"potentialAction":[{"@type":"SearchAction","target":{"@type":"EntryPoint","urlTemplate":"https:\/\/mmhunters.pl\/?s={search_term_string}"},"query-input":{"@type":"PropertyValueSpecification","valueRequired":true,"valueName":"search_term_string"}}],"inLanguage":"de-DE"},{"@type":"Organization","@id":"https:\/\/mmhunters.pl\/#organization","name":"MM HUNTERS","url":"https:\/\/mmhunters.pl\/","logo":{"@type":"ImageObject","inLanguage":"de-DE","@id":"https:\/\/mmhunters.pl\/#\/schema\/logo\/image\/","url":"https:\/\/mmhunters.pl\/wp-content\/uploads\/2024\/02\/MM-HUNTERS-PNG-BEZ-TLA.png","contentUrl":"https:\/\/mmhunters.pl\/wp-content\/uploads\/2024\/02\/MM-HUNTERS-PNG-BEZ-TLA.png","width":1563,"height":1563,"caption":"MM HUNTERS"},"image":{"@id":"https:\/\/mmhunters.pl\/#\/schema\/logo\/image\/"},"sameAs":["https:\/\/www.facebook.com\/profile.php?id=100057105744226"]}]}},"_links":{"self":[{"href":"https:\/\/mmhunters.pl\/de\/wp-json\/wp\/v2\/pages\/714","targetHints":{"allow":["GET"]}}],"collection":[{"href":"https:\/\/mmhunters.pl\/de\/wp-json\/wp\/v2\/pages"}],"about":[{"href":"https:\/\/mmhunters.pl\/de\/wp-json\/wp\/v2\/types\/page"}],"author":[{"embeddable":true,"href":"https:\/\/mmhunters.pl\/de\/wp-json\/wp\/v2\/users\/1"}],"replies":[{"embeddable":true,"href":"https:\/\/mmhunters.pl\/de\/wp-json\/wp\/v2\/comments?post=714"}],"version-history":[{"count":10,"href":"https:\/\/mmhunters.pl\/de\/wp-json\/wp\/v2\/pages\/714\/revisions"}],"predecessor-version":[{"id":931,"href":"https:\/\/mmhunters.pl\/de\/wp-json\/wp\/v2\/pages\/714\/revisions\/931"}],"up":[{"embeddable":true,"href":"https:\/\/mmhunters.pl\/de\/wp-json\/wp\/v2\/pages\/515"}],"wp:attachment":[{"href":"https:\/\/mmhunters.pl\/de\/wp-json\/wp\/v2\/media?parent=714"}],"curies":[{"name":"wp","href":"https:\/\/api.w.org\/{rel}","templated":true}]}}