{"id":655,"date":"2024-02-07T14:07:15","date_gmt":"2024-02-07T13:07:15","guid":{"rendered":"http:\/\/mmhunters.pl\/?page_id=655"},"modified":"2024-02-14T12:43:17","modified_gmt":"2024-02-14T11:43:17","slug":"polowanie-na-jelenie","status":"publish","type":"page","link":"https:\/\/mmhunters.pl\/de\/oferty\/polowanie-na-jelenie\/","title":{"rendered":"Rothirschjagd"},"content":{"rendered":"\n<div id=\"wp-block-themeisle-blocks-advanced-columns-6d39dfb0\" class=\"wp-block-themeisle-blocks-advanced-columns alignfull has-1-columns has-desktop-equal-layout has-tablet-equal-layout has-mobile-equal-layout has-vertical-unset\"><div class=\"wp-block-themeisle-blocks-advanced-columns-overlay\"><\/div><div class=\"innerblocks-wrap\">\n<div id=\"wp-block-themeisle-blocks-advanced-column-d08a6c6d\" class=\"wp-block-themeisle-blocks-advanced-column\">\n<h1 class=\"wp-block-heading has-text-align-center has-nv-text-dark-bg-color has-text-color\">Rothirschjagd<\/h1>\n\n\n\n<hr class=\"wp-block-separator has-text-color has-neve-button-color-color has-css-opacity has-neve-button-color-background-color has-background\"\/>\n<\/div>\n<\/div><\/div>\n\n\n\n<div id=\"wp-block-themeisle-blocks-advanced-columns-aac5f012\" class=\"wp-block-themeisle-blocks-advanced-columns alignfull has-1-columns has-desktop-oneTwo-layout has-tablet-equal-layout has-mobile-collapsedRows-layout has-vertical-top has-light-bg\"><div class=\"wp-block-themeisle-blocks-advanced-columns-overlay\"><\/div><div class=\"innerblocks-wrap\">\n<div id=\"wp-block-themeisle-blocks-advanced-column-22012e13\" class=\"wp-block-themeisle-blocks-advanced-column\">\n<div class=\"wp-block-columns is-layout-flex wp-container-core-columns-is-layout-9d6595d7 wp-block-columns-is-layout-flex\">\n<div class=\"wp-block-column is-vertically-aligned-stretch is-layout-flow wp-block-column-is-layout-flow\" style=\"flex-basis:33.33%\">\n<div class=\"wp-block-cover animated fadeInLeft delay-200ms wp-duotone-unset-1\" style=\"border-radius:0px;border-top-color:var(--wp--preset--color--neve-link-color);border-top-style:none;border-top-width:0px;border-right-color:var(--wp--preset--color--neve-link-color);border-right-width:14px;border-bottom-color:var(--wp--preset--color--neve-link-color);border-bottom-width:14px;border-left-color:var(--wp--preset--color--neve-link-color);border-left-style:none;border-left-width:0px;padding-top:0;padding-bottom:0\"><span aria-hidden=\"true\" class=\"wp-block-cover__background has-background-dim-10 has-background-dim\"><\/span><img loading=\"lazy\" decoding=\"async\" width=\"3418\" height=\"2279\" class=\"wp-block-cover__image-background wp-image-658\" alt=\"\" src=\"http:\/\/mmhunters.pl\/wp-content\/uploads\/2024\/02\/jelen-1.jpg\" data-object-fit=\"cover\"\/><div class=\"wp-block-cover__inner-container is-layout-constrained wp-block-cover-is-layout-constrained\">\n<p class=\"has-text-align-center has-large-font-size\"><\/p>\n<\/div><\/div>\n<\/div>\n\n\n\n<div class=\"wp-block-column animated fadeInRight is-layout-flow wp-block-column-is-layout-flow\" style=\"flex-basis:66.66%\">\n<h2 class=\"wp-block-heading\"><strong><strong><strong>Rothirsch<\/strong><\/strong><\/strong><\/h2>\n\n\n\n<p class=\"has-medium-font-size\">Die Hirschjagd beginnt am 21. August und endet am letzten Tag im Februar.<\/p>\n\n\n\n<p class=\"has-medium-font-size\">Die Hauptjagdsaison ist von September bis Oktober. Dies ist die Zeit, in der der Hirsch<\/p>\n\n\n\n<p class=\"has-medium-font-size\">Ger\u00e4usche (Br\u00fcllen) von sich geben, um ihre Anwesenheit bei der Jagd anzuk\u00fcndigen. Das ist der Moment, in dem die Jagdaufregender ist, da die J\u00e4ger die Gelegenheit haben, das Br\u00fcllen zu beobachten und zu h\u00f6ren.<\/p>\n\n\n\n<p class=\"has-medium-font-size\">Die Jagd auf einen Rothirsch ist sowohl f\u00fcr die J\u00e4ger als auch f\u00fcr ihre Begleiter mit sehr starken Emotionen verbunden. Der Ansitz oder die Verfolgung eines Rothirsches erfordert eine MengeGeschicklichkeit, was f\u00fcr zus\u00e4tzliche Spannung und Aufregung sorgt. Der Moment, wenn es einem gelingteinen Rothirsch zu erlegen, ist unvergesslich und voller Befriedigung f\u00fcr den J\u00e4ger.Meistens haben die Rothirsche Troph\u00e4en von 4 bis 6 kg. Rekordverd\u00e4chtige Exemplare erreichen ein Gewicht von etwa 12 kg. Unsere Reviere zeichnen sich durch einen ganzen Querschnitt von Troph\u00e4en von 4 kg bis zu denGoldmedaillen-Troph\u00e4en, die ein Gewicht von 10 kg erreichen. Wir bereiten uns auf jedes einzelneJagdgebiet vor, je nach den Bed\u00fcrfnissen des J\u00e4gers.<\/p>\n\n\n\n<p class=\"has-medium-font-size\">Wir empfehlen eine viert\u00e4gige Jagd, die acht Ausfl\u00fcge (morgens und abends) in das Jagdgebiet umfasst.<\/p>\n<\/div>\n<\/div>\n<\/div>\n<\/div><\/div>\n","protected":false},"excerpt":{"rendered":"","protected":false},"author":1,"featured_media":0,"parent":515,"menu_order":0,"comment_status":"closed","ping_status":"closed","template":"","meta":{"neve_meta_sidebar":"full-width","neve_meta_container":"contained","neve_meta_enable_content_width":"","neve_meta_content_width":0,"neve_meta_title_alignment":"","neve_meta_author_avatar":"","neve_post_elements_order":"","neve_meta_disable_header":"","neve_meta_disable_footer":"","neve_meta_disable_title":"on","_themeisle_gutenberg_block_has_review":false,"_ti_tpc_template_sync":false,"_ti_tpc_template_id":"","footnotes":""},"class_list":["post-655","page","type-page","status-publish","hentry"],"translation":{"provider":"WPGlobus","version":"3.0.2","language":"de","enabled_languages":["pl","en","de","fr"],"languages":{"pl":{"title":true,"content":true,"excerpt":false},"en":{"title":true,"content":true,"excerpt":false},"de":{"title":true,"content":true,"excerpt":false},"fr":{"title":true,"content":true,"excerpt":false}}},"yoast_head":"<!-- This site is optimized with the Yoast SEO plugin v27.4 - https:\/\/yoast.com\/product\/yoast-seo-wordpress\/ -->\n<title>Rothirschjagd - MM HUNTERS<\/title>\n<meta name=\"robots\" content=\"index, follow, max-snippet:-1, max-image-preview:large, max-video-preview:-1\" \/>\n<link rel=\"canonical\" href=\"https:\/\/mmhunters.pl\/oferty\/polowanie-na-jelenie\/\" \/>\n<meta property=\"og:locale\" content=\"de_DE\" \/>\n<meta property=\"og:type\" content=\"article\" \/>\n<meta property=\"og:title\" content=\"Rothirschjagd - MM HUNTERS\" \/>\n<meta property=\"og:url\" content=\"https:\/\/mmhunters.pl\/oferty\/polowanie-na-jelenie\/\" \/>\n<meta property=\"og:site_name\" content=\"MM HUNTERS\" \/>\n<meta property=\"article:publisher\" content=\"https:\/\/www.facebook.com\/profile.php?id=100057105744226\" \/>\n<meta property=\"article:modified_time\" content=\"2024-02-14T11:43:17+00:00\" \/>\n<meta property=\"og:image\" content=\"http:\/\/mmhunters.pl\/wp-content\/uploads\/2024\/02\/jelen-1.jpg\" \/>\n<meta name=\"twitter:card\" content=\"summary_large_image\" \/>\n<meta name=\"twitter:label1\" content=\"Est. reading time\" \/>\n\t<meta name=\"twitter:data1\" content=\"2 minutes\" \/>\n<script type=\"application\/ld+json\" class=\"yoast-schema-graph\">{\"@context\":\"https:\\\/\\\/schema.org\",\"@graph\":[{\"@type\":\"WebPage\",\"@id\":\"https:\\\/\\\/mmhunters.pl\\\/oferty\\\/polowanie-na-jelenie\\\/\",\"url\":\"https:\\\/\\\/mmhunters.pl\\\/oferty\\\/polowanie-na-jelenie\\\/\",\"name\":\"Rothirschjagd - MM HUNTERS\",\"isPartOf\":{\"@id\":\"https:\\\/\\\/mmhunters.pl\\\/#website\"},\"primaryImageOfPage\":{\"@id\":\"https:\\\/\\\/mmhunters.pl\\\/oferty\\\/polowanie-na-jelenie\\\/#primaryimage\"},\"image\":{\"@id\":\"https:\\\/\\\/mmhunters.pl\\\/oferty\\\/polowanie-na-jelenie\\\/#primaryimage\"},\"thumbnailUrl\":\"http:\\\/\\\/mmhunters.pl\\\/wp-content\\\/uploads\\\/2024\\\/02\\\/jelen-1.jpg\",\"datePublished\":\"2024-02-07T13:07:15+00:00\",\"dateModified\":\"2024-02-14T11:43:17+00:00\",\"description\":\"Polowanie na jelenie rozpoczyna si\u0119 21 sierpnia i ko\u0144czy ostatniego dnia lutego. G\u0142\u00f3wny okres polowa\u0144 przypada od wrze\u015bnia do pa\u017adziernika.\",\"breadcrumb\":{\"@id\":\"https:\\\/\\\/mmhunters.pl\\\/oferty\\\/polowanie-na-jelenie\\\/#breadcrumb\"},\"inLanguage\":\"de-DE\",\"potentialAction\":[{\"@type\":\"ReadAction\",\"target\":[\"https:\\\/\\\/mmhunters.pl\\\/oferty\\\/polowanie-na-jelenie\\\/\"]}]},{\"@type\":\"ImageObject\",\"inLanguage\":\"de-DE\",\"@id\":\"https:\\\/\\\/mmhunters.pl\\\/oferty\\\/polowanie-na-jelenie\\\/#primaryimage\",\"url\":\"http:\\\/\\\/mmhunters.pl\\\/wp-content\\\/uploads\\\/2024\\\/02\\\/jelen-1.jpg\",\"contentUrl\":\"http:\\\/\\\/mmhunters.pl\\\/wp-content\\\/uploads\\\/2024\\\/02\\\/jelen-1.jpg\"},{\"@type\":\"BreadcrumbList\",\"@id\":\"https:\\\/\\\/mmhunters.pl\\\/oferty\\\/polowanie-na-jelenie\\\/#breadcrumb\",\"itemListElement\":[{\"@type\":\"ListItem\",\"position\":1,\"name\":\"Strona g\u0142\u00f3wna\",\"item\":\"https:\\\/\\\/mmhunters.pl\\\/\"},{\"@type\":\"ListItem\",\"position\":2,\"name\":\"Oferty\",\"item\":\"https:\\\/\\\/mmhunters.pl\\\/oferty\\\/\"},{\"@type\":\"ListItem\",\"position\":3,\"name\":\"Polowanie na jelenie\"}]},{\"@type\":\"WebSite\",\"@id\":\"https:\\\/\\\/mmhunters.pl\\\/#website\",\"url\":\"https:\\\/\\\/mmhunters.pl\\\/\",\"name\":\"MM HUNTERS\",\"description\":\"Wszystko po to, aby zapewni\u0107 naszym klientom najlepsze mo\u017cliwe do\u015bwiadczenia.\",\"publisher\":{\"@id\":\"https:\\\/\\\/mmhunters.pl\\\/#organization\"},\"potentialAction\":[{\"@type\":\"SearchAction\",\"target\":{\"@type\":\"EntryPoint\",\"urlTemplate\":\"https:\\\/\\\/mmhunters.pl\\\/?s={search_term_string}\"},\"query-input\":{\"@type\":\"PropertyValueSpecification\",\"valueRequired\":true,\"valueName\":\"search_term_string\"}}],\"inLanguage\":\"de-DE\"},{\"@type\":\"Organization\",\"@id\":\"https:\\\/\\\/mmhunters.pl\\\/#organization\",\"name\":\"MM HUNTERS\",\"url\":\"https:\\\/\\\/mmhunters.pl\\\/\",\"logo\":{\"@type\":\"ImageObject\",\"inLanguage\":\"de-DE\",\"@id\":\"https:\\\/\\\/mmhunters.pl\\\/#\\\/schema\\\/logo\\\/image\\\/\",\"url\":\"https:\\\/\\\/mmhunters.pl\\\/wp-content\\\/uploads\\\/2024\\\/02\\\/MM-HUNTERS-PNG-BEZ-TLA.png\",\"contentUrl\":\"https:\\\/\\\/mmhunters.pl\\\/wp-content\\\/uploads\\\/2024\\\/02\\\/MM-HUNTERS-PNG-BEZ-TLA.png\",\"width\":1563,\"height\":1563,\"caption\":\"MM HUNTERS\"},\"image\":{\"@id\":\"https:\\\/\\\/mmhunters.pl\\\/#\\\/schema\\\/logo\\\/image\\\/\"},\"sameAs\":[\"https:\\\/\\\/www.facebook.com\\\/profile.php?id=100057105744226\"]}]}<\/script>\n<!-- \/ Yoast SEO plugin. -->","yoast_head_json":{"title":"Rothirschjagd - MM HUNTERS","robots":{"index":"index","follow":"follow","max-snippet":"max-snippet:-1","max-image-preview":"max-image-preview:large","max-video-preview":"max-video-preview:-1"},"canonical":"https:\/\/mmhunters.pl\/oferty\/polowanie-na-jelenie\/","og_locale":"de_DE","og_type":"article","og_title":"Rothirschjagd - MM HUNTERS","og_url":"https:\/\/mmhunters.pl\/oferty\/polowanie-na-jelenie\/","og_site_name":"MM HUNTERS","article_publisher":"https:\/\/www.facebook.com\/profile.php?id=100057105744226","article_modified_time":"2024-02-14T11:43:17+00:00","og_image":[{"url":"http:\/\/mmhunters.pl\/wp-content\/uploads\/2024\/02\/jelen-1.jpg","type":"","width":"","height":""}],"twitter_card":"summary_large_image","twitter_misc":{"Est. reading time":"2 minutes"},"schema":{"@context":"https:\/\/schema.org","@graph":[{"@type":"WebPage","@id":"https:\/\/mmhunters.pl\/oferty\/polowanie-na-jelenie\/","url":"https:\/\/mmhunters.pl\/oferty\/polowanie-na-jelenie\/","name":"Rothirschjagd - MM HUNTERS","isPartOf":{"@id":"https:\/\/mmhunters.pl\/#website"},"primaryImageOfPage":{"@id":"https:\/\/mmhunters.pl\/oferty\/polowanie-na-jelenie\/#primaryimage"},"image":{"@id":"https:\/\/mmhunters.pl\/oferty\/polowanie-na-jelenie\/#primaryimage"},"thumbnailUrl":"http:\/\/mmhunters.pl\/wp-content\/uploads\/2024\/02\/jelen-1.jpg","datePublished":"2024-02-07T13:07:15+00:00","dateModified":"2024-02-14T11:43:17+00:00","description":"Polowanie na jelenie rozpoczyna si\u0119 21 sierpnia i ko\u0144czy ostatniego dnia lutego. G\u0142\u00f3wny okres polowa\u0144 przypada od wrze\u015bnia do pa\u017adziernika.","breadcrumb":{"@id":"https:\/\/mmhunters.pl\/oferty\/polowanie-na-jelenie\/#breadcrumb"},"inLanguage":"de-DE","potentialAction":[{"@type":"ReadAction","target":["https:\/\/mmhunters.pl\/oferty\/polowanie-na-jelenie\/"]}]},{"@type":"ImageObject","inLanguage":"de-DE","@id":"https:\/\/mmhunters.pl\/oferty\/polowanie-na-jelenie\/#primaryimage","url":"http:\/\/mmhunters.pl\/wp-content\/uploads\/2024\/02\/jelen-1.jpg","contentUrl":"http:\/\/mmhunters.pl\/wp-content\/uploads\/2024\/02\/jelen-1.jpg"},{"@type":"BreadcrumbList","@id":"https:\/\/mmhunters.pl\/oferty\/polowanie-na-jelenie\/#breadcrumb","itemListElement":[{"@type":"ListItem","position":1,"name":"Strona g\u0142\u00f3wna","item":"https:\/\/mmhunters.pl\/"},{"@type":"ListItem","position":2,"name":"Oferty","item":"https:\/\/mmhunters.pl\/oferty\/"},{"@type":"ListItem","position":3,"name":"Polowanie na jelenie"}]},{"@type":"WebSite","@id":"https:\/\/mmhunters.pl\/#website","url":"https:\/\/mmhunters.pl\/","name":"MM HUNTERS","description":"Wszystko po to, aby zapewni\u0107 naszym klientom najlepsze mo\u017cliwe do\u015bwiadczenia.","publisher":{"@id":"https:\/\/mmhunters.pl\/#organization"},"potentialAction":[{"@type":"SearchAction","target":{"@type":"EntryPoint","urlTemplate":"https:\/\/mmhunters.pl\/?s={search_term_string}"},"query-input":{"@type":"PropertyValueSpecification","valueRequired":true,"valueName":"search_term_string"}}],"inLanguage":"de-DE"},{"@type":"Organization","@id":"https:\/\/mmhunters.pl\/#organization","name":"MM HUNTERS","url":"https:\/\/mmhunters.pl\/","logo":{"@type":"ImageObject","inLanguage":"de-DE","@id":"https:\/\/mmhunters.pl\/#\/schema\/logo\/image\/","url":"https:\/\/mmhunters.pl\/wp-content\/uploads\/2024\/02\/MM-HUNTERS-PNG-BEZ-TLA.png","contentUrl":"https:\/\/mmhunters.pl\/wp-content\/uploads\/2024\/02\/MM-HUNTERS-PNG-BEZ-TLA.png","width":1563,"height":1563,"caption":"MM HUNTERS"},"image":{"@id":"https:\/\/mmhunters.pl\/#\/schema\/logo\/image\/"},"sameAs":["https:\/\/www.facebook.com\/profile.php?id=100057105744226"]}]}},"_links":{"self":[{"href":"https:\/\/mmhunters.pl\/de\/wp-json\/wp\/v2\/pages\/655","targetHints":{"allow":["GET"]}}],"collection":[{"href":"https:\/\/mmhunters.pl\/de\/wp-json\/wp\/v2\/pages"}],"about":[{"href":"https:\/\/mmhunters.pl\/de\/wp-json\/wp\/v2\/types\/page"}],"author":[{"embeddable":true,"href":"https:\/\/mmhunters.pl\/de\/wp-json\/wp\/v2\/users\/1"}],"replies":[{"embeddable":true,"href":"https:\/\/mmhunters.pl\/de\/wp-json\/wp\/v2\/comments?post=655"}],"version-history":[{"count":13,"href":"https:\/\/mmhunters.pl\/de\/wp-json\/wp\/v2\/pages\/655\/revisions"}],"predecessor-version":[{"id":919,"href":"https:\/\/mmhunters.pl\/de\/wp-json\/wp\/v2\/pages\/655\/revisions\/919"}],"up":[{"embeddable":true,"href":"https:\/\/mmhunters.pl\/de\/wp-json\/wp\/v2\/pages\/515"}],"wp:attachment":[{"href":"https:\/\/mmhunters.pl\/de\/wp-json\/wp\/v2\/media?parent=655"}],"curies":[{"name":"wp","href":"https:\/\/api.w.org\/{rel}","templated":true}]}}